{"id":10,"date":"2026-03-16T18:11:36","date_gmt":"2026-03-16T18:11:36","guid":{"rendered":"https:\/\/zotz.mx\/pagina-acerca-de\/"},"modified":"2026-04-18T00:14:07","modified_gmt":"2026-04-18T00:14:07","slug":"about-us","status":"publish","type":"page","link":"https:\/\/zotz.mx\/es\/about-us\/","title":{"rendered":"Nosotros"},"content":{"rendered":"<div class=\"wp-block-cover alignfull ticss-cacc1f85\" style=\"margin-top:0;margin-bottom:0;padding-top:0;padding-right:0;padding-bottom:0;padding-left:0\"><img loading=\"lazy\" decoding=\"async\" width=\"1024\" height=\"671\" class=\"wp-block-cover__image-background wp-image-530 size-large\" alt=\"\" src=\"https:\/\/zotz.mx\/wp-content\/uploads\/2026\/04\/zt-nosotros-front-1024x671.jpg\" data-object-fit=\"cover\" srcset=\"https:\/\/zotz.mx\/wp-content\/uploads\/2026\/04\/zt-nosotros-front-1024x671.jpg 1024w, https:\/\/zotz.mx\/wp-content\/uploads\/2026\/04\/zt-nosotros-front-300x197.jpg 300w, https:\/\/zotz.mx\/wp-content\/uploads\/2026\/04\/zt-nosotros-front-768x504.jpg 768w, https:\/\/zotz.mx\/wp-content\/uploads\/2026\/04\/zt-nosotros-front-18x12.jpg 18w, https:\/\/zotz.mx\/wp-content\/uploads\/2026\/04\/zt-nosotros-front-600x393.jpg 600w, https:\/\/zotz.mx\/wp-content\/uploads\/2026\/04\/zt-nosotros-front.jpg 1031w\" sizes=\"auto, (max-width: 1024px) 100vw, 1024px\" \/><span aria-hidden=\"true\" class=\"wp-block-cover__background has-background-dim-10 has-background-dim\"><\/span><div class=\"wp-block-cover__inner-container is-layout-flow wp-block-cover-is-layout-flow\">\n<div class=\"wp-block-group is-layout-constrained wp-container-core-group-is-layout-ef7170ea wp-block-group-is-layout-constrained\" style=\"padding-right:0;padding-left:0\">\n<h1 class=\"wp-block-heading has-text-align-right\">Expertos en buceo<\/h1>\n\n\n\n<p class=\"has-text-align-right has-medium-font-size\">Somos un grupo de exploradores, profesionales y amigos que han decidido perseguir un sue\u00f1o en com\u00fan.<br>who have decided to pursue a common dream.\u200b<\/p>\n<\/div>\n<\/div><\/div>\n\n\n\n<div style=\"height:333px\" aria-hidden=\"true\" class=\"wp-block-spacer\"><\/div>\n\n\n\n<div class=\"wp-block-group is-layout-constrained wp-container-core-group-is-layout-47abba0d wp-block-group-is-layout-constrained\" style=\"margin-top:var(--wp--preset--spacing--70);padding-right:0;padding-left:0\">\n<p class=\"has-medium-font-size\">Con m\u00e1s de 20 a\u00f1os de experiencia buceando en los oc\u00e9anos, cuevas y cavernas del mundo, nuestra misi\u00f3n no es solo descubrir y compartir nuestro conocimiento en el camino, sino tambi\u00e9n documentar y traer a otros con nosotros para experimentar la vida que solo los primeros exploradores alguna vez tuvieron.<\/p>\n\n\n\n<p>Compartimos nuestra pasi\u00f3n a todas las personas que les gusta el buceo en todas sus formas y posibles complejidades; explorando, fotografiando, disfrutando y cuidando los entornos acu\u00e1ticos m\u00e1s hermosos y, muchas veces, los m\u00e1s demandantes que ofrece el planeta.<\/p>\n\n\n\n<p>Todo esto cumple con nuestro prop\u00f3sito de promover la conservaci\u00f3n sobre los ecosistemas de mares y cuevas sumergidas. \u201cNadie ama lo que no conoce\u201d, por lo que tenemos el compromiso de llevarte a estos lugares para que a trav\u00e9s del buceo los descubras, aprendas, te enamores y veas la importancia de conservar y cuidar de ellos; el entrenamiento de alto nivel, las expediciones exclusivas, vivencias \u00fanicas, el video y la fotograf\u00eda son nuestras herramientas.<\/p>\n<\/div>\n\n\n\n<div class=\"wp-block-group alignwide is-layout-constrained wp-container-core-group-is-layout-73eab25f wp-block-group-is-layout-constrained\" style=\"margin-top:0;margin-bottom:0;padding-top:var(--wp--preset--spacing--80);padding-right:var(--wp--preset--spacing--40);padding-bottom:var(--wp--preset--spacing--80);padding-left:var(--wp--preset--spacing--40)\">\n<div class=\"wp-block-columns alignwide is-layout-flex wp-container-core-columns-is-layout-47c06fe3 wp-block-columns-is-layout-flex\">\n<div class=\"wp-block-column animated slideInLeft is-layout-flow wp-block-column-is-layout-flow\">\n<figure class=\"wp-block-image size-large has-custom-border\"><img loading=\"lazy\" decoding=\"async\" width=\"1020\" height=\"1024\" src=\"https:\/\/zotz.mx\/wp-content\/uploads\/2026\/04\/zt-about-ricardo-sq-1020x1024.jpg\" alt=\"\" class=\"wp-image-518\" style=\"border-top-left-radius:10px;border-top-right-radius:10px;border-bottom-left-radius:10px;border-bottom-right-radius:10px;aspect-ratio:1;object-fit:cover\" srcset=\"https:\/\/zotz.mx\/wp-content\/uploads\/2026\/04\/zt-about-ricardo-sq-1020x1024.jpg 1020w, https:\/\/zotz.mx\/wp-content\/uploads\/2026\/04\/zt-about-ricardo-sq-300x300.jpg 300w, https:\/\/zotz.mx\/wp-content\/uploads\/2026\/04\/zt-about-ricardo-sq-150x150.jpg 150w, https:\/\/zotz.mx\/wp-content\/uploads\/2026\/04\/zt-about-ricardo-sq-768x771.jpg 768w, https:\/\/zotz.mx\/wp-content\/uploads\/2026\/04\/zt-about-ricardo-sq-1530x1536.jpg 1530w, https:\/\/zotz.mx\/wp-content\/uploads\/2026\/04\/zt-about-ricardo-sq-2039x2048.jpg 2039w, https:\/\/zotz.mx\/wp-content\/uploads\/2026\/04\/zt-about-ricardo-sq-12x12.jpg 12w, https:\/\/zotz.mx\/wp-content\/uploads\/2026\/04\/zt-about-ricardo-sq-600x603.jpg 600w, https:\/\/zotz.mx\/wp-content\/uploads\/2026\/04\/zt-about-ricardo-sq-100x100.jpg 100w\" sizes=\"auto, (max-width: 1020px) 100vw, 1020px\" \/><\/figure>\n<\/div>\n\n\n\n<div class=\"wp-block-column is-vertically-aligned-center animated slideInRight is-layout-flow wp-block-column-is-layout-flow\">\n<h2 class=\"wp-block-heading\">Instructor y Fundador<\/h2>\n\n\n\n<p>RICARDO CASTILLO<\/p>\n\n\n\n<p>Buzo, instructor de buceo, fot\u00f3grafo y l\u00edder de expediciones por m\u00e1s de 20 a\u00f1os. Pasa la mayor parte de su vida explorando, buceando y ense\u00f1ando desde buceo b\u00e1sico hasta buceo en cuevas y CCR.<\/p>\n\n\n\n<div class=\"wp-block-buttons is-layout-flex wp-block-buttons-is-layout-flex\">\n<div class=\"wp-block-button\"><a class=\"wp-block-button__link has-vivid-red-background-color has-background has-small-font-size has-custom-font-size wp-element-button\" style=\"padding-top:var(--wp--preset--spacing--30);padding-right:var(--wp--preset--spacing--30);padding-bottom:var(--wp--preset--spacing--30);padding-left:var(--wp--preset--spacing--30);font-style:normal;font-weight:300\">DESCUBRE M\u00c1S<\/a><\/div>\n<\/div>\n<\/div>\n<\/div>\n\n\n\n<div class=\"wp-block-columns alignwide is-layout-flex wp-container-core-columns-is-layout-47c06fe3 wp-block-columns-is-layout-flex\">\n<div class=\"wp-block-column is-vertically-aligned-center animated slideInLeft is-layout-flow wp-block-column-is-layout-flow\">\n<h2 class=\"wp-block-heading\">Co-Fundador<\/h2>\n\n\n\n<p>ECKEHARDT VON DAMN<\/p>\n\n\n\n<p>Buzo y fot\u00f3grafo desde 1980 con m\u00e1s de 1000 inmersiones realizadas alrededor del mundo. Habiendo dedicado la mayor parte de su vida a la industria del cine, en 2007 fund\u00f3 la reconocida productora Corazon Films. <em>Corazon Films<\/em>.<\/p>\n\n\n\n<div class=\"wp-block-buttons is-layout-flex wp-block-buttons-is-layout-flex\">\n<div class=\"wp-block-button\"><a class=\"wp-block-button__link has-vivid-red-background-color has-background has-small-font-size has-custom-font-size wp-element-button\" style=\"padding-top:var(--wp--preset--spacing--30);padding-right:var(--wp--preset--spacing--30);padding-bottom:var(--wp--preset--spacing--30);padding-left:var(--wp--preset--spacing--30);font-style:normal;font-weight:300\">DESCUBRE M\u00c1S<\/a><\/div>\n<\/div>\n<\/div>\n\n\n\n<div class=\"wp-block-column animated slideInRight is-layout-flow wp-block-column-is-layout-flow\">\n<figure class=\"wp-block-image size-large has-custom-border\"><img loading=\"lazy\" decoding=\"async\" width=\"1024\" height=\"684\" src=\"https:\/\/zotz.mx\/wp-content\/uploads\/2026\/04\/zt-nosotros-eckehardt-1024x684.jpg\" alt=\"\" class=\"wp-image-517\" style=\"border-top-left-radius:10px;border-top-right-radius:10px;border-bottom-left-radius:10px;border-bottom-right-radius:10px;aspect-ratio:1;object-fit:cover\" srcset=\"https:\/\/zotz.mx\/wp-content\/uploads\/2026\/04\/zt-nosotros-eckehardt-1024x684.jpg 1024w, https:\/\/zotz.mx\/wp-content\/uploads\/2026\/04\/zt-nosotros-eckehardt-300x200.jpg 300w, https:\/\/zotz.mx\/wp-content\/uploads\/2026\/04\/zt-nosotros-eckehardt-768x513.jpg 768w, https:\/\/zotz.mx\/wp-content\/uploads\/2026\/04\/zt-nosotros-eckehardt-18x12.jpg 18w, https:\/\/zotz.mx\/wp-content\/uploads\/2026\/04\/zt-nosotros-eckehardt-600x401.jpg 600w, https:\/\/zotz.mx\/wp-content\/uploads\/2026\/04\/zt-nosotros-eckehardt.jpg 1280w\" sizes=\"auto, (max-width: 1024px) 100vw, 1024px\" \/><\/figure>\n<\/div>\n<\/div>\n\n\n\n<div class=\"wp-block-columns alignwide is-layout-flex wp-container-core-columns-is-layout-47c06fe3 wp-block-columns-is-layout-flex\">\n<div class=\"wp-block-column animated slideInLeft is-layout-flow wp-block-column-is-layout-flow\">\n<figure class=\"wp-block-image size-large has-custom-border\"><img loading=\"lazy\" decoding=\"async\" width=\"654\" height=\"654\" src=\"https:\/\/zotz.mx\/wp-content\/uploads\/2026\/04\/zt-vero02-nosotros-edited-1.jpg\" alt=\"\" class=\"wp-image-523\" style=\"border-top-left-radius:10px;border-top-right-radius:10px;border-bottom-left-radius:10px;border-bottom-right-radius:10px;aspect-ratio:1;object-fit:cover\" srcset=\"https:\/\/zotz.mx\/wp-content\/uploads\/2026\/04\/zt-vero02-nosotros-edited-1.jpg 654w, https:\/\/zotz.mx\/wp-content\/uploads\/2026\/04\/zt-vero02-nosotros-edited-1-300x300.jpg 300w, https:\/\/zotz.mx\/wp-content\/uploads\/2026\/04\/zt-vero02-nosotros-edited-1-150x150.jpg 150w, https:\/\/zotz.mx\/wp-content\/uploads\/2026\/04\/zt-vero02-nosotros-edited-1-12x12.jpg 12w, https:\/\/zotz.mx\/wp-content\/uploads\/2026\/04\/zt-vero02-nosotros-edited-1-600x600.jpg 600w, https:\/\/zotz.mx\/wp-content\/uploads\/2026\/04\/zt-vero02-nosotros-edited-1-100x100.jpg 100w\" sizes=\"auto, (max-width: 654px) 100vw, 654px\" \/><\/figure>\n<\/div>\n\n\n\n<div class=\"wp-block-column is-vertically-aligned-center animated slideInRight is-layout-flow wp-block-column-is-layout-flow\">\n<h2 class=\"wp-block-heading\">Manager<\/h2>\n\n\n\n<p>VER\u00d3NICA ORTIZ<\/p>\n\n\n\n<p>Licenciada en Mercadotecnia, deportista y buza apasionada por el mundo subacu\u00e1tico y los largos paseos en motocicleta.<\/p>\n\n\n\n<div class=\"wp-block-buttons is-layout-flex wp-block-buttons-is-layout-flex\">\n<div class=\"wp-block-button\"><a class=\"wp-block-button__link has-vivid-red-background-color has-background has-small-font-size has-custom-font-size wp-element-button\" style=\"padding-top:var(--wp--preset--spacing--30);padding-right:var(--wp--preset--spacing--30);padding-bottom:var(--wp--preset--spacing--30);padding-left:var(--wp--preset--spacing--30);font-style:normal;font-weight:300\">DESCUBRE M\u00c1S<\/a><\/div>\n<\/div>\n<\/div>\n<\/div>\n\n\n\n<div class=\"wp-block-columns alignwide is-layout-flex wp-container-core-columns-is-layout-47c06fe3 wp-block-columns-is-layout-flex\">\n<div class=\"wp-block-column is-vertically-aligned-center animated slideInLeft is-layout-flow wp-block-column-is-layout-flow\">\n<h2 class=\"wp-block-heading\">Instructor de Buceo<\/h2>\n\n\n\n<p>ALEJANDRA GARC\u00cdA<\/p>\n\n\n\n<p>Intento transmitir mi pasi\u00f3n, conocimientos y respeto por el medio subacu\u00e1tico teniendo en cuenta las necesidades y gustos espec\u00edficos de cada uno.<\/p>\n\n\n\n<div class=\"wp-block-buttons is-layout-flex wp-block-buttons-is-layout-flex\">\n<div class=\"wp-block-button\"><a class=\"wp-block-button__link has-vivid-red-background-color has-background has-small-font-size has-custom-font-size wp-element-button\" style=\"padding-top:var(--wp--preset--spacing--30);padding-right:var(--wp--preset--spacing--30);padding-bottom:var(--wp--preset--spacing--30);padding-left:var(--wp--preset--spacing--30);font-style:normal;font-weight:300\">DESCUBRE M\u00c1S<\/a><\/div>\n<\/div>\n<\/div>\n\n\n\n<div class=\"wp-block-column animated slideInRight is-layout-flow wp-block-column-is-layout-flow\">\n<figure class=\"wp-block-image size-full has-custom-border\"><img loading=\"lazy\" decoding=\"async\" width=\"683\" height=\"687\" src=\"https:\/\/zotz.mx\/wp-content\/uploads\/2026\/04\/zt-nosotros-ale.jpg\" alt=\"\" class=\"wp-image-531\" style=\"border-top-left-radius:10px;border-top-right-radius:10px;border-bottom-left-radius:10px;border-bottom-right-radius:10px;aspect-ratio:1;object-fit:cover\" srcset=\"https:\/\/zotz.mx\/wp-content\/uploads\/2026\/04\/zt-nosotros-ale.jpg 683w, https:\/\/zotz.mx\/wp-content\/uploads\/2026\/04\/zt-nosotros-ale-298x300.jpg 298w, https:\/\/zotz.mx\/wp-content\/uploads\/2026\/04\/zt-nosotros-ale-150x150.jpg 150w, https:\/\/zotz.mx\/wp-content\/uploads\/2026\/04\/zt-nosotros-ale-12x12.jpg 12w, https:\/\/zotz.mx\/wp-content\/uploads\/2026\/04\/zt-nosotros-ale-600x604.jpg 600w, https:\/\/zotz.mx\/wp-content\/uploads\/2026\/04\/zt-nosotros-ale-100x100.jpg 100w\" sizes=\"auto, (max-width: 683px) 100vw, 683px\" \/><\/figure>\n<\/div>\n<\/div>\n\n\n\n<div class=\"wp-block-columns alignwide is-layout-flex wp-container-core-columns-is-layout-47c06fe3 wp-block-columns-is-layout-flex\">\n<div class=\"wp-block-column animated slideInLeft is-layout-flow wp-block-column-is-layout-flow\">\n<figure class=\"wp-block-image size-large has-custom-border\"><img loading=\"lazy\" decoding=\"async\" width=\"728\" height=\"1024\" src=\"https:\/\/zotz.mx\/wp-content\/uploads\/2026\/04\/zt-about-olinka-lg-728x1024.jpg\" alt=\"\" class=\"wp-image-525\" style=\"border-top-left-radius:10px;border-top-right-radius:10px;border-bottom-left-radius:10px;border-bottom-right-radius:10px;aspect-ratio:1;object-fit:cover\" srcset=\"https:\/\/zotz.mx\/wp-content\/uploads\/2026\/04\/zt-about-olinka-lg-728x1024.jpg 728w, https:\/\/zotz.mx\/wp-content\/uploads\/2026\/04\/zt-about-olinka-lg-213x300.jpg 213w, https:\/\/zotz.mx\/wp-content\/uploads\/2026\/04\/zt-about-olinka-lg-768x1080.jpg 768w, https:\/\/zotz.mx\/wp-content\/uploads\/2026\/04\/zt-about-olinka-lg-9x12.jpg 9w, https:\/\/zotz.mx\/wp-content\/uploads\/2026\/04\/zt-about-olinka-lg-600x844.jpg 600w, https:\/\/zotz.mx\/wp-content\/uploads\/2026\/04\/zt-about-olinka-lg.jpg 853w\" sizes=\"auto, (max-width: 728px) 100vw, 728px\" \/><\/figure>\n<\/div>\n\n\n\n<div class=\"wp-block-column is-vertically-aligned-center animated slideInRight is-layout-flow wp-block-column-is-layout-flow\">\n<h2 class=\"wp-block-heading\">Gu\u00eda de Buceo<\/h2>\n\n\n\n<p>OLINKA CORT\u00c9S<\/p>\n\n\n\n<p>Gu\u00edo, instruyo y acompa\u00f1o a buceadores por el mar Caribe, cenotes y cuevas submarinas. Mi misi\u00f3n no es s\u00f3lo proporcionar una experiencia de buceo segura y enriquecedora, sino tambi\u00e9n concienciar sobre los fr\u00e1giles y asombrosos ecosistemas de la regi\u00f3n.<\/p>\n\n\n\n<div class=\"wp-block-buttons is-layout-flex wp-block-buttons-is-layout-flex\">\n<div class=\"wp-block-button\"><a class=\"wp-block-button__link has-vivid-red-background-color has-background has-small-font-size has-custom-font-size wp-element-button\" style=\"padding-top:var(--wp--preset--spacing--30);padding-right:var(--wp--preset--spacing--30);padding-bottom:var(--wp--preset--spacing--30);padding-left:var(--wp--preset--spacing--30);font-style:normal;font-weight:300\">DESCUBRE M\u00c1S<\/a><\/div>\n<\/div>\n<\/div>\n<\/div>\n<\/div>\n\n\n\n<div class=\"wp-block-cover alignfull has-raft-bg-color has-text-color has-link-color wp-elements-f848d28707f3d06001fd0953e18cd9da\"><img loading=\"lazy\" decoding=\"async\" width=\"1024\" height=\"683\" class=\"wp-block-cover__image-background wp-image-527 size-large\" alt=\"\" src=\"https:\/\/zotz.mx\/wp-content\/uploads\/2026\/04\/zt-nosotros-1024x683.jpg\" data-object-fit=\"cover\" srcset=\"https:\/\/zotz.mx\/wp-content\/uploads\/2026\/04\/zt-nosotros-1024x683.jpg 1024w, https:\/\/zotz.mx\/wp-content\/uploads\/2026\/04\/zt-nosotros-300x200.jpg 300w, https:\/\/zotz.mx\/wp-content\/uploads\/2026\/04\/zt-nosotros-768x512.jpg 768w, https:\/\/zotz.mx\/wp-content\/uploads\/2026\/04\/zt-nosotros-1536x1024.jpg 1536w, https:\/\/zotz.mx\/wp-content\/uploads\/2026\/04\/zt-nosotros-2048x1366.jpg 2048w, https:\/\/zotz.mx\/wp-content\/uploads\/2026\/04\/zt-nosotros-18x12.jpg 18w, https:\/\/zotz.mx\/wp-content\/uploads\/2026\/04\/zt-nosotros-600x400.jpg 600w\" sizes=\"auto, (max-width: 1024px) 100vw, 1024px\" \/><span aria-hidden=\"true\" class=\"wp-block-cover__background has-background-dim-30 has-background-dim\" style=\"background-color:#052537\"><\/span><div class=\"wp-block-cover__inner-container is-layout-flow wp-block-cover-is-layout-flow\">\n<div class=\"wp-block-group is-layout-constrained wp-container-core-group-is-layout-a099c240 wp-block-group-is-layout-constrained\">\n<h1 class=\"wp-block-heading has-text-align-center\">\u00bfPor qu\u00e9 bucear con nosotros?<\/h1>\n<\/div>\n<\/div><\/div>\n\n\n\n<p><\/p>\n\n\n\n<div class=\"wp-block-group is-layout-constrained wp-block-group-is-layout-constrained\">\n<h2 class=\"wp-block-heading has-text-align-center\">Inmersiones en aguas abiertas o cuevas disponibles.<\/h2>\n\n\n\n<p>Siempre se recomienda contratar a un gu\u00eda o instructor local porque requiere conocimiento de los sitios locales, el clima y las condiciones en el mar para planificar y ejecutar adecuadamente una inmersi\u00f3n t\u00e9cnica, sin mencionar las fuertes corrientes que siempre est\u00e1n presentes aqu\u00ed.<\/p>\n\n\n\n<p>Tenemos m\u00e1s de 20 a\u00f1os de experiencia en la industria que nos respaldan, por lo que incluso con las inmersiones m\u00e1s dif\u00edciles y desafiantes, estamos m\u00e1s que felices de ayudarlo. Por supuesto, arreglaremos todo para que su experiencia sea lo m\u00e1s c\u00f3moda posible, pero si est\u00e1 listo para la aventura, sent\u00e9monos, hablemos y hagamos un plan.<\/p>\n\n\n\n<p>El buceo en cuevas requiere una preparaci\u00f3n extensa, una log\u00edstica precisa y, lo m\u00e1s importante, gu\u00edas y profesionales que est\u00e9n familiarizados con los protocolos y conozcan perfectamente las cuevas, sin mencionar el hecho de que es probable que un local te muestre las m\u00e1s interesantes. y, a menudo, manchas ocultas. Estamos totalmente comprometidos con la seguridad y por ello tomamos las medidas necesarias para hacer m\u00e1s agradables estas inmersiones.<\/p>\n\n\n\n<p>Quintana Roo es el hogar de los sistemas de cuevas submarinas m\u00e1s extensos del mundo, Playa del Carmen est\u00e1 rodeada por m\u00e1s de 500 km de laberintos de cuevas y pasajes decorados con formaciones asombrosas, artefactos antiguos, f\u00f3siles de la edad de hielo y hermosas haloclinas. La temperatura del agua ronda los 24\u00b0C durante todo el a\u00f1o. Algunas de estas cuevas est\u00e1n a menos de una hora de la tienda.<\/p>\n\n\n\n<div class=\"wp-block-buttons is-content-justification-center is-layout-flex wp-container-core-buttons-is-layout-a89b3969 wp-block-buttons-is-layout-flex\">\n<div class=\"wp-block-button\"><a class=\"wp-block-button__link has-vivid-red-background-color has-background has-small-font-size has-custom-font-size wp-element-button\" style=\"padding-top:var(--wp--preset--spacing--30);padding-right:var(--wp--preset--spacing--30);padding-bottom:var(--wp--preset--spacing--30);padding-left:var(--wp--preset--spacing--30);font-style:normal;font-weight:300\">VEN Y \u00daNETE A NOSOTROS<\/a><\/div>\n<\/div>\n<\/div>\n\n\n\n<div style=\"height:100px\" aria-hidden=\"true\" class=\"wp-block-spacer\"><\/div>","protected":false},"excerpt":{"rendered":"<p>With over 20 years of experience traveling the world\u2019s oceans, caves and caverns, our mission not only is to discover and share our knowledge along the way, but also to document and bring others with us in order to experience the life only the first explorers ever had. We encourage and share our passion to [&hellip;]<\/p>\n","protected":false},"author":1,"featured_media":0,"parent":0,"menu_order":0,"comment_status":"closed","ping_status":"closed","template":"template-plain","meta":{"_themeisle_gutenberg_block_has_review":false,"footnotes":""},"class_list":["post-10","page","type-page","status-publish","hentry"],"_links":{"self":[{"href":"https:\/\/zotz.mx\/es\/wp-json\/wp\/v2\/pages\/10","targetHints":{"allow":["GET"]}}],"collection":[{"href":"https:\/\/zotz.mx\/es\/wp-json\/wp\/v2\/pages"}],"about":[{"href":"https:\/\/zotz.mx\/es\/wp-json\/wp\/v2\/types\/page"}],"author":[{"embeddable":true,"href":"https:\/\/zotz.mx\/es\/wp-json\/wp\/v2\/users\/1"}],"replies":[{"embeddable":true,"href":"https:\/\/zotz.mx\/es\/wp-json\/wp\/v2\/comments?post=10"}],"version-history":[{"count":68,"href":"https:\/\/zotz.mx\/es\/wp-json\/wp\/v2\/pages\/10\/revisions"}],"predecessor-version":[{"id":664,"href":"https:\/\/zotz.mx\/es\/wp-json\/wp\/v2\/pages\/10\/revisions\/664"}],"wp:attachment":[{"href":"https:\/\/zotz.mx\/es\/wp-json\/wp\/v2\/media?parent=10"}],"curies":[{"name":"wp","href":"https:\/\/api.w.org\/{rel}","templated":true}]}}