{"id":1013,"date":"2026-04-24T15:45:44","date_gmt":"2026-04-24T15:45:44","guid":{"rendered":"https:\/\/zotz.mx\/?page_id=1013"},"modified":"2026-04-24T16:42:09","modified_gmt":"2026-04-24T16:42:09","slug":"eckehardt-von-damn","status":"publish","type":"page","link":"https:\/\/zotz.mx\/es\/eckehardt-von-damn\/","title":{"rendered":"Eckehardt Von Damn"},"content":{"rendered":"<div class=\"wp-block-cover alignfull\" style=\"margin-top:-130px;margin-bottom:0;padding-top:0;padding-right:0;padding-bottom:0;padding-left:0\"><span aria-hidden=\"true\" class=\"wp-block-cover__background has-raft-fg-background-color has-background-dim-100 has-background-dim\"><\/span><div class=\"wp-block-cover__inner-container is-layout-flow wp-block-cover-is-layout-flow\">\n<div class=\"alignnormal\"><div id=\"metaslider-id-1019\" style=\"width: 100%;\" class=\"ml-slider-3-108-0 metaslider metaslider-flex metaslider-1019 ml-slider ms-theme-bitono nav-hidden\" role=\"region\" aria-label=\"zt-eckehardt\" data-height=\"450\" data-width=\"1280\">\n    <div id=\"metaslider_container_1019\">\n        <div id=\"metaslider_1019\">\n            <ul aria-live='off' class='slides'>\n                <li style=\"display: block; width: 100%;\" class=\"slide-1020 ms-image\" aria-roledescription=\"slide\" data-date=\"2026-04-24 16:12:40\" data-filename=\"zt-about-ecke-b-1032x362.jpg\" data-slide-type=\"image\"><img loading=\"lazy\" decoding=\"async\" src=\"https:\/\/zotz.mx\/wp-content\/uploads\/2026\/04\/zt-about-ecke-b-1032x362.jpg\" height=\"450\" width=\"1280\" alt=\"\" class=\"slider-1019 slide-1020 msDefaultImage\" title=\"zt-about-ecke-b\" \/><\/li>\n                <li style=\"display: none; width: 100%;\" class=\"slide-1021 ms-image\" aria-roledescription=\"slide\" data-date=\"2026-04-24 16:12:40\" data-filename=\"zt-about-ecke-a-1030x362.jpg\" data-slide-type=\"image\"><img loading=\"lazy\" decoding=\"async\" src=\"https:\/\/zotz.mx\/wp-content\/uploads\/2026\/04\/zt-about-ecke-a-1030x362.jpg\" height=\"450\" width=\"1280\" alt=\"\" class=\"slider-1019 slide-1021 msDefaultImage\" title=\"zt-about-ecke-a\" \/><\/li>\n                <li style=\"display: none; width: 100%;\" class=\"slide-1022 ms-image\" aria-roledescription=\"slide\" data-date=\"2026-04-24 16:12:40\" data-filename=\"zt-about-ecke-c-1029x361.jpg\" data-slide-type=\"image\"><img loading=\"lazy\" decoding=\"async\" src=\"https:\/\/zotz.mx\/wp-content\/uploads\/2026\/04\/zt-about-ecke-c-1029x361.jpg\" height=\"450\" width=\"1280\" alt=\"\" class=\"slider-1019 slide-1022 msDefaultImage\" title=\"zt-about-ecke-c\" \/><\/li>\n            <\/ul>\n        <\/div>\n        \n    <\/div>\n<\/div><\/div>\n<\/div><\/div>\n\n\n\n<div class=\"wp-block-group is-layout-constrained wp-container-core-group-is-layout-73405a87 wp-block-group-is-layout-constrained\">\n<div class=\"wp-block-columns is-layout-flex wp-container-core-columns-is-layout-a54e0cfc wp-block-columns-is-layout-flex\" style=\"padding-top:var(--wp--preset--spacing--60);padding-bottom:var(--wp--preset--spacing--60)\">\n<div class=\"wp-block-column is-layout-flow wp-block-column-is-layout-flow\">\n<figure class=\"wp-block-image size-full has-custom-border\" style=\"margin-top:var(--wp--preset--spacing--30);margin-right:var(--wp--preset--spacing--30);margin-bottom:var(--wp--preset--spacing--30);margin-left:var(--wp--preset--spacing--30)\"><img loading=\"lazy\" decoding=\"async\" width=\"569\" height=\"691\" src=\"https:\/\/zotz.mx\/wp-content\/uploads\/2026\/04\/zt-about-ecke-d.jpg\" alt=\"\" class=\"wp-image-1014\" style=\"border-top-left-radius:10px;border-top-right-radius:10px;border-bottom-left-radius:10px;border-bottom-right-radius:10px;aspect-ratio:9\/16;object-fit:cover\" srcset=\"https:\/\/zotz.mx\/wp-content\/uploads\/2026\/04\/zt-about-ecke-d.jpg 569w, https:\/\/zotz.mx\/wp-content\/uploads\/2026\/04\/zt-about-ecke-d-247x300.jpg 247w, https:\/\/zotz.mx\/wp-content\/uploads\/2026\/04\/zt-about-ecke-d-10x12.jpg 10w\" sizes=\"auto, (max-width: 569px) 100vw, 569px\" \/><\/figure>\n<\/div>\n\n\n\n<div class=\"wp-block-column is-layout-flow wp-block-column-is-layout-flow\">\n<h2 class=\"wp-block-heading\">Eckehardt Von Damn<\/h2>\n\n\n\n<p>Buceador y fot\u00f3grafo desde 1980 con m\u00e1s de 1.000 inmersiones, buzo recreativo, t\u00e9cnico, trimix, full cave CCR y Ice diver. Ha participado en expediciones por Sud\u00e1frica, Mozambique, Islas del Mediterr\u00e1neo, Islas Canarias, Maldivas, Ant\u00e1rtida, \u00c1rtico, Islandia, Noruega, Grandes Lagos, Isla del Coco, Gal\u00e1pagos, Bahamas, Laguna Truk, Hawaii, Cuba, Tonga, Fiji, Indonesia. e innumerables viajes por la costa, islas y sistemas de cuevas sumergidas en M\u00e9xico.<\/p>\n\n\n\n<p>Dedicado la mayor parte de su vida a la Industria Cinematogr\u00e1fica, Eckehardt Von Damm incursion\u00f3 por primera vez en el mundo del cine como exhibidor dentro del CIRCUITO MONTES (1983), comenzando como responsable de publicidad, hasta ocupar el cargo de Director General. En diciembre de 1989 Se incorpor\u00f3 a la distribuidora Artecinema como Director, siendo responsable del lanzamiento de numerosos \u00e9xitos de taquilla, finalizando su ciclo en 1992.<\/p>\n\n\n\n<p>En 1995 ocup\u00f3 el mismo cargo para otra distribuidora: Videocine, en este mismo per\u00edodo estuvo a cargo de distribuci\u00f3n y como representante de Warner Brothers M\u00e9xico. En 2007 funda CORAZON FILMS, productora y distribuidora de cine mexicano y extranjero, ocupando el cargo de Director General.<\/p>\n\n\n\n<p>Durante su carrera cuenta con m\u00e1s de 100 pel\u00edculas distribuidas en nuestro pa\u00eds, tanto mexicanas como extranjeras, algunas de ellas incluyen: El Se\u00f1or de los Anillos, Una Pel\u00edcula de Huevos, El Pianista, Matando Cabos, La Saga Crep\u00fasculo, Conociendo, Los Divergentes. Saga, Los Ilusionistas 1 y 2, Aqu\u00ed Entre Nosotros, Lo Imposible, La Saga REC, \u00daltimo Viaje a Las Vegas, Non Stop: Sin Paradas, El Principito, entre muchas otras.<\/p>\n\n\n\n<p>En su faceta de productor ha participado en importantes pel\u00edculas como: Nicotina, Una pel\u00edcula de huevos, KM 31, Fuera del cielo, El tigre de Santa Julia, Un d\u00eda sin mexicanos, La primera noche, REC 3 y Mientras duermes , entre otros.<\/p>\n\n\n\n<p>En 2016 CANACINE le otorg\u00f3 el premio a la trayectoria destacada en la industria.<\/p>\n<\/div>\n<\/div>\n<\/div>","protected":false},"excerpt":{"rendered":"<p>Eckehardt Von Damn Diver and photographer since 1980 with more than 1,000 dives, recreational diver, technical, trimix, full cave CCR and Ice diver. He has participated in expeditions around South Africa, Mozambique, The Mediterranean Islands, Canary Islands, Maldives, Antarctica, Arctic, Iceland, Norway, Great Lakes, Cocos Island, Galapagos, Bahamas, Truk Lagoon, Hawaii, Cuba, Tonga, Fiji, Indonesia [&hellip;]<\/p>\n","protected":false},"author":1,"featured_media":0,"parent":0,"menu_order":0,"comment_status":"closed","ping_status":"closed","template":"template-plain","meta":{"_themeisle_gutenberg_block_has_review":false,"footnotes":""},"class_list":["post-1013","page","type-page","status-publish","hentry"],"_links":{"self":[{"href":"https:\/\/zotz.mx\/es\/wp-json\/wp\/v2\/pages\/1013","targetHints":{"allow":["GET"]}}],"collection":[{"href":"https:\/\/zotz.mx\/es\/wp-json\/wp\/v2\/pages"}],"about":[{"href":"https:\/\/zotz.mx\/es\/wp-json\/wp\/v2\/types\/page"}],"author":[{"embeddable":true,"href":"https:\/\/zotz.mx\/es\/wp-json\/wp\/v2\/users\/1"}],"replies":[{"embeddable":true,"href":"https:\/\/zotz.mx\/es\/wp-json\/wp\/v2\/comments?post=1013"}],"version-history":[{"count":8,"href":"https:\/\/zotz.mx\/es\/wp-json\/wp\/v2\/pages\/1013\/revisions"}],"predecessor-version":[{"id":1049,"href":"https:\/\/zotz.mx\/es\/wp-json\/wp\/v2\/pages\/1013\/revisions\/1049"}],"wp:attachment":[{"href":"https:\/\/zotz.mx\/es\/wp-json\/wp\/v2\/media?parent=1013"}],"curies":[{"name":"wp","href":"https:\/\/api.w.org\/{rel}","templated":true}]}}