{"id":1033,"date":"2026-04-24T16:26:13","date_gmt":"2026-04-24T16:26:13","guid":{"rendered":"https:\/\/zotz.mx\/?page_id=1033"},"modified":"2026-04-24T16:34:03","modified_gmt":"2026-04-24T16:34:03","slug":"olinka-cortes","status":"publish","type":"page","link":"https:\/\/zotz.mx\/es\/olinka-cortes\/","title":{"rendered":"Olinka Cort\u00e9s"},"content":{"rendered":"<div class=\"wp-block-cover alignfull\" style=\"margin-top:-130px;margin-bottom:0;padding-top:0;padding-right:0;padding-bottom:0;padding-left:0\"><span aria-hidden=\"true\" class=\"wp-block-cover__background has-raft-fg-background-color has-background-dim-100 has-background-dim\"><\/span><div class=\"wp-block-cover__inner-container is-layout-flow wp-block-cover-is-layout-flow\">\n<div class=\"alignnormal\"><div id=\"metaslider-id-954\" style=\"width: 100%;\" class=\"ml-slider-3-108-0 metaslider metaslider-flex metaslider-954 ml-slider ms-theme-bitono nav-hidden\" role=\"region\" aria-label=\"zt-olinka\" data-height=\"450\" data-width=\"1280\">\n    <div id=\"metaslider_container_954\">\n        <div id=\"metaslider_954\">\n            <ul aria-live='off' class='slides'>\n                <li style=\"display: block; width: 100%;\" class=\"slide-955 ms-image\" aria-roledescription=\"slide\" data-date=\"2026-04-24 05:14:06\" data-filename=\"zt-about-olinka-slide-a-968x340.jpg\" data-slide-type=\"image\"><img loading=\"lazy\" decoding=\"async\" src=\"https:\/\/zotz.mx\/wp-content\/uploads\/2026\/04\/zt-about-olinka-slide-a-968x340.jpg\" height=\"450\" width=\"1280\" alt=\"\" class=\"slider-954 slide-955 msDefaultImage\" title=\"zt-about-olinka-slide-a\" \/><\/li>\n                <li style=\"display: none; width: 100%;\" class=\"slide-956 ms-image\" aria-roledescription=\"slide\" data-date=\"2026-04-24 05:14:06\" data-filename=\"zt-about-olinka-slide-b-1280x450.jpg\" data-slide-type=\"image\"><img loading=\"lazy\" decoding=\"async\" src=\"https:\/\/zotz.mx\/wp-content\/uploads\/2026\/04\/zt-about-olinka-slide-b-1280x450.jpg\" height=\"450\" width=\"1280\" alt=\"\" class=\"slider-954 slide-956 msDefaultImage\" title=\"zt-about-olinka-slide-b\" \/><\/li>\n                <li style=\"display: none; width: 100%;\" class=\"slide-957 ms-image\" aria-roledescription=\"slide\" data-date=\"2026-04-24 05:14:07\" data-filename=\"zt-about-olinka-slide-d-1280x450.jpg\" data-slide-type=\"image\"><img loading=\"lazy\" decoding=\"async\" src=\"https:\/\/zotz.mx\/wp-content\/uploads\/2026\/04\/zt-about-olinka-slide-d-1280x450.jpg\" height=\"450\" width=\"1280\" alt=\"\" class=\"slider-954 slide-957 msDefaultImage\" title=\"zt-about-olinka-slide-d\" \/><\/li>\n            <\/ul>\n        <\/div>\n        \n    <\/div>\n<\/div><\/div>\n<\/div><\/div>\n\n\n\n<div class=\"wp-block-group is-layout-constrained wp-container-core-group-is-layout-73405a87 wp-block-group-is-layout-constrained\">\n<div class=\"wp-block-columns is-layout-flex wp-container-core-columns-is-layout-aa22b469 wp-block-columns-is-layout-flex\" style=\"padding-top:var(--wp--preset--spacing--70);padding-right:var(--wp--preset--spacing--50);padding-bottom:var(--wp--preset--spacing--70);padding-left:var(--wp--preset--spacing--50)\">\n<div class=\"wp-block-column is-layout-flow wp-block-column-is-layout-flow\">\n<figure class=\"wp-block-image size-large has-custom-border\" style=\"margin-top:var(--wp--preset--spacing--30);margin-right:var(--wp--preset--spacing--30);margin-bottom:var(--wp--preset--spacing--30);margin-left:var(--wp--preset--spacing--30)\"><img loading=\"lazy\" decoding=\"async\" width=\"728\" height=\"1024\" src=\"https:\/\/zotz.mx\/wp-content\/uploads\/2026\/04\/zt-about-olinka-lg-b-728x1024.jpg\" alt=\"\" class=\"wp-image-1034\" style=\"border-top-left-radius:10px;border-top-right-radius:10px;border-bottom-left-radius:10px;border-bottom-right-radius:10px;aspect-ratio:9\/16;object-fit:cover\" srcset=\"https:\/\/zotz.mx\/wp-content\/uploads\/2026\/04\/zt-about-olinka-lg-b-728x1024.jpg 728w, https:\/\/zotz.mx\/wp-content\/uploads\/2026\/04\/zt-about-olinka-lg-b-213x300.jpg 213w, https:\/\/zotz.mx\/wp-content\/uploads\/2026\/04\/zt-about-olinka-lg-b-768x1081.jpg 768w, https:\/\/zotz.mx\/wp-content\/uploads\/2026\/04\/zt-about-olinka-lg-b-9x12.jpg 9w, https:\/\/zotz.mx\/wp-content\/uploads\/2026\/04\/zt-about-olinka-lg-b-600x844.jpg 600w, https:\/\/zotz.mx\/wp-content\/uploads\/2026\/04\/zt-about-olinka-lg-b.jpg 1068w\" sizes=\"auto, (max-width: 728px) 100vw, 728px\" \/><\/figure>\n<\/div>\n\n\n\n<div class=\"wp-block-column is-layout-flow wp-block-column-is-layout-flow\">\n<h2 class=\"wp-block-heading\">Olinka Cort\u00e9s<\/h2>\n\n\n\n<p>Bi\u00f3loga de formaci\u00f3n, buceador por pasi\u00f3n y explorador de cuevas de coraz\u00f3n. Soy bi\u00f3loga marina por la Universidad Nacional Aut\u00f3noma de M\u00e9xico (UNAM), donde desarroll\u00e9 un profundo amor por la naturaleza, la biodiversidad y especialmente los crust\u00e1ceos.<\/p>\n\n\n\n<p>Mi camino en el buceo en cuevas comenz\u00f3 en 2014 para apoyar a un grupo de investigaci\u00f3n que recolectaba muestras en las cuevas inundadas de la Pen\u00ednsula de Yucat\u00e1n. En 2017, mi entusiasmo por el buceo y la ense\u00f1anza me llev\u00f3 a convertirme en Instructor de Buceo en Aguas Abiertas.<\/p>\n\n\n\n<p>Actualmente con sede en Playa del Carmen, gu\u00edo, instruyo y acompa\u00f1o a buzos a trav\u00e9s del Mar Caribe, cenotes y cuevas submarinas. Mi misi\u00f3n no es s\u00f3lo proporcionar una experiencia de buceo segura y enriquecedora, sino tambi\u00e9n concienciar sobre los fr\u00e1giles y asombrosos ecosistemas de la regi\u00f3n.<\/p>\n\n\n\n<p>Mi objetivo es conectar a la gente con el mundo submarino de forma significativa y respetuosa. Creo que la educaci\u00f3n y la experiencia son fundamentales para proteger los ecosistemas que exploramos. Con cada inmersi\u00f3n, pretendo fomentar la curiosidad, la admiraci\u00f3n y la responsabilidad por los fr\u00e1giles entornos marinos del Caribe.<\/p>\n<\/div>\n<\/div>\n<\/div>","protected":false},"excerpt":{"rendered":"<p>Olinka Cort\u00e9s A biologist by training, a diver by passion, and a cave explorer at heart. I hold a degree in marine biology from the National Autonomous University of Mexico (UNAM), where I developed a deep love for nature, biodiversity, and especially crustaceans. My journey into cave diving began in 2014 when I joined a [&hellip;]<\/p>\n","protected":false},"author":1,"featured_media":0,"parent":0,"menu_order":0,"comment_status":"closed","ping_status":"closed","template":"template-plain","meta":{"_themeisle_gutenberg_block_has_review":false,"footnotes":""},"class_list":["post-1033","page","type-page","status-publish","hentry"],"_links":{"self":[{"href":"https:\/\/zotz.mx\/es\/wp-json\/wp\/v2\/pages\/1033","targetHints":{"allow":["GET"]}}],"collection":[{"href":"https:\/\/zotz.mx\/es\/wp-json\/wp\/v2\/pages"}],"about":[{"href":"https:\/\/zotz.mx\/es\/wp-json\/wp\/v2\/types\/page"}],"author":[{"embeddable":true,"href":"https:\/\/zotz.mx\/es\/wp-json\/wp\/v2\/users\/1"}],"replies":[{"embeddable":true,"href":"https:\/\/zotz.mx\/es\/wp-json\/wp\/v2\/comments?post=1033"}],"version-history":[{"count":9,"href":"https:\/\/zotz.mx\/es\/wp-json\/wp\/v2\/pages\/1033\/revisions"}],"predecessor-version":[{"id":1045,"href":"https:\/\/zotz.mx\/es\/wp-json\/wp\/v2\/pages\/1033\/revisions\/1045"}],"wp:attachment":[{"href":"https:\/\/zotz.mx\/es\/wp-json\/wp\/v2\/media?parent=1033"}],"curies":[{"name":"wp","href":"https:\/\/api.w.org\/{rel}","templated":true}]}}