{"id":921,"date":"2026-04-24T03:50:40","date_gmt":"2026-04-24T03:50:40","guid":{"rendered":"https:\/\/zotz.mx\/?page_id=921"},"modified":"2026-04-24T05:27:04","modified_gmt":"2026-04-24T05:27:04","slug":"ricardo-castillo","status":"publish","type":"page","link":"https:\/\/zotz.mx\/es\/ricardo-castillo\/","title":{"rendered":"Ricardo Castillo"},"content":{"rendered":"<div class=\"wp-block-cover alignfull\" style=\"margin-top:-130px;margin-bottom:0;padding-top:0;padding-right:0;padding-bottom:0;padding-left:0\"><span aria-hidden=\"true\" class=\"wp-block-cover__background has-raft-fg-background-color has-background-dim-100 has-background-dim\"><\/span><div class=\"wp-block-cover__inner-container is-layout-flow wp-block-cover-is-layout-flow\">\n<div class=\"alignnormal\"><div id=\"metaslider-id-968\" style=\"width: 100%;\" class=\"ml-slider-3-108-0 metaslider metaslider-flex metaslider-968 ml-slider ms-theme-bitono nav-hidden\" role=\"region\" aria-label=\"zt-ricardo\" data-height=\"450\" data-width=\"1280\">\n    <div id=\"metaslider_container_968\">\n        <div id=\"metaslider_968\">\n            <ul aria-live='off' class='slides'>\n                <li style=\"display: block; width: 100%;\" class=\"slide-969 ms-image\" aria-roledescription=\"slide\" data-date=\"2026-04-24 05:21:44\" data-filename=\"zt-about-ricardo-slide-c-1280x450.jpg\" data-slide-type=\"image\"><img loading=\"lazy\" decoding=\"async\" src=\"https:\/\/zotz.mx\/wp-content\/uploads\/2026\/04\/zt-about-ricardo-slide-c-1280x450.jpg\" height=\"450\" width=\"1280\" alt=\"\" class=\"slider-968 slide-969 msDefaultImage\" title=\"zt-about-ricardo-slide-c\" \/><\/li>\n                <li style=\"display: none; width: 100%;\" class=\"slide-970 ms-image\" aria-roledescription=\"slide\" data-date=\"2026-04-24 05:21:44\" data-filename=\"zt-about-ricardo-slide-b-1280x450.jpg\" data-slide-type=\"image\"><img loading=\"lazy\" decoding=\"async\" src=\"https:\/\/zotz.mx\/wp-content\/uploads\/2026\/04\/zt-about-ricardo-slide-b-1280x450.jpg\" height=\"450\" width=\"1280\" alt=\"\" class=\"slider-968 slide-970 msDefaultImage\" title=\"zt-about-ricardo-slide-b\" \/><\/li>\n                <li style=\"display: none; width: 100%;\" class=\"slide-971 ms-image\" aria-roledescription=\"slide\" data-date=\"2026-04-24 05:21:44\" data-filename=\"zt-about-ricardo-scaled-1280x450.jpg\" data-slide-type=\"image\"><img loading=\"lazy\" decoding=\"async\" src=\"https:\/\/zotz.mx\/wp-content\/uploads\/2026\/04\/zt-about-ricardo-scaled-1280x450.jpg\" height=\"450\" width=\"1280\" alt=\"\" class=\"slider-968 slide-971 msDefaultImage\" title=\"zt-about-ricardo\" \/><\/li>\n            <\/ul>\n        <\/div>\n        \n    <\/div>\n<\/div><\/div>\n<\/div><\/div>\n\n\n\n<div class=\"wp-block-group is-layout-constrained wp-container-core-group-is-layout-73405a87 wp-block-group-is-layout-constrained\">\n<div class=\"wp-block-columns is-layout-flex wp-container-core-columns-is-layout-28f84493 wp-block-columns-is-layout-flex\">\n<div class=\"wp-block-column is-layout-flow wp-block-column-is-layout-flow\" style=\"padding-top:0;padding-right:0;padding-bottom:0;padding-left:0\">\n<figure class=\"wp-block-image size-large has-custom-border\" style=\"margin-top:var(--wp--preset--spacing--30);margin-right:var(--wp--preset--spacing--30);margin-bottom:var(--wp--preset--spacing--30);margin-left:var(--wp--preset--spacing--30)\"><img loading=\"lazy\" decoding=\"async\" width=\"683\" height=\"1024\" src=\"https:\/\/zotz.mx\/wp-content\/uploads\/2026\/04\/zt-nosotros-ricardo-683x1024.jpg\" alt=\"\" class=\"has-border-color wp-image-516\" style=\"border-color:#f6f6f6;border-width:1px;border-top-left-radius:10px;border-top-right-radius:10px;border-bottom-left-radius:10px;border-bottom-right-radius:10px;aspect-ratio:9\/16;object-fit:cover\" srcset=\"https:\/\/zotz.mx\/wp-content\/uploads\/2026\/04\/zt-nosotros-ricardo-683x1024.jpg 683w, https:\/\/zotz.mx\/wp-content\/uploads\/2026\/04\/zt-nosotros-ricardo-200x300.jpg 200w, https:\/\/zotz.mx\/wp-content\/uploads\/2026\/04\/zt-nosotros-ricardo-768x1152.jpg 768w, https:\/\/zotz.mx\/wp-content\/uploads\/2026\/04\/zt-nosotros-ricardo-8x12.jpg 8w, https:\/\/zotz.mx\/wp-content\/uploads\/2026\/04\/zt-nosotros-ricardo-600x900.jpg 600w, https:\/\/zotz.mx\/wp-content\/uploads\/2026\/04\/zt-nosotros-ricardo.jpg 962w\" sizes=\"auto, (max-width: 683px) 100vw, 683px\" \/><\/figure>\n<\/div>\n\n\n\n<div class=\"wp-block-column is-layout-flow wp-block-column-is-layout-flow\">\n<h2 class=\"wp-block-heading\">Ricardo Castillo<\/h2>\n\n\n\n<p>Buzo, instructor de buceo y l\u00edder de expediciones por m\u00e1s de 20 a\u00f1os. Pasa la mayor parte de su vida explorando, buceando y ense\u00f1ando desde buceo b\u00e1sico hasta buceo en cuevas y CCR. Organiza expediciones para llevar a todos los aventureros que se atrevan a explorar oc\u00e9anos y cuevas por todo el mundo, capturando momentos \u00fanicos a trav\u00e9s de la lente de su c\u00e1mara ya sea foto o video.<\/p>\n\n\n\n<p>Este viaje como fot\u00f3grafo y buzo lo ha llevado a trav\u00e9s de los oc\u00e9anos y cuevas del mundo a lugares como Sud\u00e1frica, Mozambique, Las islas del Mediterr\u00e1neo, Islas Canarias, Maldivas, Ant\u00e1rtida, \u00c1rtico, Islandia, Noruega, Grandes Lagos, Isla del Coco, Gal\u00e1pagos, Bahamas, Truk Lagoon, Haw\u00e1i, Cuba, Tonga, Fiji, Indonesia e innumerables viajes a lo largo de la costa, las islas y sistemas de cuevas sumergidas en M\u00e9xico.<\/p>\n\n\n\n<p>Ha participado en documentales de televisi\u00f3n y pel\u00edculas sobre exploraci\u00f3n de cuevas, naufragios y tiburones. Instructor de buceo deportivo y t\u00e9cnico con m\u00e1s de 5000 inmersiones, la m\u00e1s profunda 450 pies y el m\u00e1s fr\u00edo -1,7\u00baC. Con especialidades en descompresi\u00f3n, mezclas de gases, nitrox, trimix, rebreathers, buceo en cuevas y fotograf\u00eda y video subacu\u00e1tico. Instructor de las agencias NSS-CDS, PADI, TDI, IANTD y DAN.&nbsp;<\/p>\n\n\n\n<p>Su trabajo ha sido premiado en diferentes festivales de cine como el 37 Festival Mundial de Imagen Submarina de Francia, el 14 Festival Internacional de Cine Subacu\u00e1tico de Serbia, el 34 Ciclo Internacional de Cine Submarino Sn. Sebasti\u00e1n Espa\u00f1a, 4\u00ba Festival de Cine de Derechos Humanos de M\u00e9xico. Sus fotograf\u00edas se exhiben en lugares como el Museo de Historia Natural de Chicago y ha publicado fotos y art\u00edculos en diversas revistas especializadas de buceo.<\/p>\n<\/div>\n<\/div>\n<\/div>\n\n\n\n<div style=\"height:130px\" aria-hidden=\"true\" class=\"wp-block-spacer\"><\/div>\n\n\n\n<p><\/p>","protected":false},"excerpt":{"rendered":"<p>Ricardo Castillo Diver, instructor and expedition leader for more than 20 years. He spends most of his life exploring, diving, and teaching everything from basic scuba to cave diving and CCR. He organizes expeditions to take all the adventurers who dare to explore oceans and caves around the world, capturing unique moments through the lens [&hellip;]<\/p>\n","protected":false},"author":1,"featured_media":0,"parent":0,"menu_order":0,"comment_status":"closed","ping_status":"closed","template":"template-plain","meta":{"_themeisle_gutenberg_block_has_review":false,"footnotes":""},"class_list":["post-921","page","type-page","status-publish","hentry"],"_links":{"self":[{"href":"https:\/\/zotz.mx\/es\/wp-json\/wp\/v2\/pages\/921","targetHints":{"allow":["GET"]}}],"collection":[{"href":"https:\/\/zotz.mx\/es\/wp-json\/wp\/v2\/pages"}],"about":[{"href":"https:\/\/zotz.mx\/es\/wp-json\/wp\/v2\/types\/page"}],"author":[{"embeddable":true,"href":"https:\/\/zotz.mx\/es\/wp-json\/wp\/v2\/users\/1"}],"replies":[{"embeddable":true,"href":"https:\/\/zotz.mx\/es\/wp-json\/wp\/v2\/comments?post=921"}],"version-history":[{"count":9,"href":"https:\/\/zotz.mx\/es\/wp-json\/wp\/v2\/pages\/921\/revisions"}],"predecessor-version":[{"id":978,"href":"https:\/\/zotz.mx\/es\/wp-json\/wp\/v2\/pages\/921\/revisions\/978"}],"wp:attachment":[{"href":"https:\/\/zotz.mx\/es\/wp-json\/wp\/v2\/media?parent=921"}],"curies":[{"name":"wp","href":"https:\/\/api.w.org\/{rel}","templated":true}]}}