{"id":979,"date":"2026-04-24T05:30:53","date_gmt":"2026-04-24T05:30:53","guid":{"rendered":"https:\/\/zotz.mx\/?page_id=979"},"modified":"2026-04-24T16:44:43","modified_gmt":"2026-04-24T16:44:43","slug":"veronica-ortiz","status":"publish","type":"page","link":"https:\/\/zotz.mx\/es\/veronica-ortiz\/","title":{"rendered":"Ver\u00f3nica Ortiz"},"content":{"rendered":"<div class=\"wp-block-cover alignfull\" style=\"margin-top:-130px;margin-bottom:0;padding-top:0;padding-right:0;padding-bottom:0;padding-left:0\"><span aria-hidden=\"true\" class=\"wp-block-cover__background has-raft-fg-background-color has-background-dim-100 has-background-dim\"><\/span><div class=\"wp-block-cover__inner-container is-layout-flow wp-block-cover-is-layout-flow\">\n<div class=\"alignnormal\"><div id=\"metaslider-id-947\" style=\"width: 100%;\" class=\"ml-slider-3-108-0 metaslider metaslider-flex metaslider-947 ml-slider ms-theme-bitono nav-hidden\" role=\"region\" aria-label=\"zt-veronica\" data-height=\"450\" data-width=\"1280\">\n    <div id=\"metaslider_container_947\">\n        <div id=\"metaslider_947\">\n            <ul aria-live='off' class='slides'>\n                <li style=\"display: block; width: 100%;\" class=\"slide-948 ms-image\" aria-roledescription=\"slide\" data-date=\"2026-04-24 05:12:01\" data-filename=\"zt-about-veronica-slide-a-1280x450.jpg\" data-slide-type=\"image\"><img loading=\"lazy\" decoding=\"async\" src=\"https:\/\/zotz.mx\/wp-content\/uploads\/2026\/04\/zt-about-veronica-slide-a-1280x450.jpg\" height=\"450\" width=\"1280\" alt=\"\" class=\"slider-947 slide-948 msDefaultImage\" title=\"zt-about-veronica-slide-a\" \/><\/li>\n                <li style=\"display: none; width: 100%;\" class=\"slide-949 ms-image\" aria-roledescription=\"slide\" data-date=\"2026-04-24 05:12:01\" data-filename=\"zt-about-veronica-slide-b-1280x450.jpg\" data-slide-type=\"image\"><img loading=\"lazy\" decoding=\"async\" src=\"https:\/\/zotz.mx\/wp-content\/uploads\/2026\/04\/zt-about-veronica-slide-b-1280x450.jpg\" height=\"450\" width=\"1280\" alt=\"\" class=\"slider-947 slide-949 msDefaultImage\" title=\"zt-about-veronica-slide-b\" \/><\/li>\n                <li style=\"display: none; width: 100%;\" class=\"slide-950 ms-image\" aria-roledescription=\"slide\" data-date=\"2026-04-24 05:12:01\" data-filename=\"zt-about-veronica-slide-c-1280x450.jpg\" data-slide-type=\"image\"><img loading=\"lazy\" decoding=\"async\" src=\"https:\/\/zotz.mx\/wp-content\/uploads\/2026\/04\/zt-about-veronica-slide-c-1280x450.jpg\" height=\"450\" width=\"1280\" alt=\"\" class=\"slider-947 slide-950 msDefaultImage\" title=\"zt-about-veronica-slide-c\" \/><\/li>\n            <\/ul>\n        <\/div>\n        \n    <\/div>\n<\/div><\/div>\n<\/div><\/div>\n\n\n\n<div class=\"wp-block-group is-layout-constrained wp-container-core-group-is-layout-73405a87 wp-block-group-is-layout-constrained\">\n<div class=\"wp-block-columns is-layout-flex wp-container-core-columns-is-layout-3e1d588b wp-block-columns-is-layout-flex\" style=\"margin-top:var(--wp--preset--spacing--70)\">\n<div class=\"wp-block-column is-layout-flow wp-block-column-is-layout-flow\">\n<figure class=\"wp-block-image aligncenter size-full is-resized has-custom-border\" style=\"margin-top:var(--wp--preset--spacing--20);margin-right:var(--wp--preset--spacing--20);margin-bottom:var(--wp--preset--spacing--20);margin-left:var(--wp--preset--spacing--20)\"><img loading=\"lazy\" decoding=\"async\" width=\"384\" height=\"684\" src=\"https:\/\/zotz.mx\/wp-content\/uploads\/2026\/04\/zt-about-vero-k.jpg\" alt=\"\" class=\"has-border-color wp-image-980\" style=\"border-color:#abb8c3;border-width:1px;border-top-left-radius:10px;border-top-right-radius:10px;border-bottom-left-radius:10px;border-bottom-right-radius:10px;aspect-ratio:9\/16;object-fit:contain;width:450px\" srcset=\"https:\/\/zotz.mx\/wp-content\/uploads\/2026\/04\/zt-about-vero-k.jpg 384w, https:\/\/zotz.mx\/wp-content\/uploads\/2026\/04\/zt-about-vero-k-168x300.jpg 168w, https:\/\/zotz.mx\/wp-content\/uploads\/2026\/04\/zt-about-vero-k-7x12.jpg 7w\" sizes=\"auto, (max-width: 384px) 100vw, 384px\" \/><\/figure>\n<\/div>\n\n\n\n<div class=\"wp-block-column is-layout-flow wp-block-column-is-layout-flow\">\n<h2 class=\"wp-block-heading\">Ver\u00f3nica Ortiz<\/h2>\n\n\n\n<p>Soy Ver\u00f3nica Ortiz Coronel, originaria de la Ciudad de M\u00e9xico y Licenciada en Mercadotecnia. Mi trayectoria profesional comenz\u00f3 en el entorno corporativo, pero fue mi inquietud por descubrir nuevos mundos lo que me llev\u00f3 primero a Toronto, Canad\u00e1, y luego a Playa del Carmen, donde mi vida tom\u00f3 un rumbo inesperado y transformador.<\/p>\n\n\n\n<p>Lo que comenz\u00f3 como una actividad recreativa para admirar la belleza del oc\u00e9ano, pronto se convirti\u00f3 en una verdadera vocaci\u00f3n. Cada inmersi\u00f3n era una invitaci\u00f3n al asombro: card\u00famenes en perfecta armon\u00eda, corales de texturas inimaginables, encuentros fugaces con criaturas majestuosas... y, sobre todo, la sensaci\u00f3n de estar en un espacio sagrado, donde el tiempo se detiene y los sentidos se agudizan.<\/p>\n\n\n\n<p>El buceo me ense\u00f1\u00f3 a respirar distinto, a observar con atenci\u00f3n y a respetar profundamente los ritmos de la naturaleza. Con el tiempo, mi pasi\u00f3n creci\u00f3 y decid\u00ed especializarme. En 2024 obtuve mi certificaci\u00f3n como buza de cueva, adentr\u00e1ndome en el inframundo Maya: un universo silencioso, milenario y poderoso, donde cada formaci\u00f3n cuenta una historia y cada cueva explorada es una lecci\u00f3n de humildad, t\u00e9cnica y conexi\u00f3n con lo ancestral.<\/p>\n\n\n\n<p>Hoy, el buceo no es solo una actividad en mi vida; es el eje que la gu\u00eda. Representa un compromiso constante con el aprendizaje, la seguridad y la preservaci\u00f3n del entorno marino. Es tambi\u00e9n un puente que me permite conectar con personas de todo el mundo, compartir experiencias transformadoras y ser testigo del impacto que tiene el oc\u00e9ano en quienes se sumergen en \u00e9l.<\/p>\n\n\n\n<p>Aunque he disfrutado de otras pasiones \u2013como el f\u00fatbol americano y el motociclismo\u2013 es bajo el agua donde realmente me encuentro. All\u00ed no hay ruido, solo presencia. No hay prisa, solo prop\u00f3sito.<\/p>\n\n\n\n<p>Encontr\u00e9 en el buceo mucho m\u00e1s que una vocaci\u00f3n: encontr\u00e9 un lenguaje con el que entiendo al mundo y, sobre todo, a m\u00ed misma.<\/p>\n<\/div>\n<\/div>\n<\/div>\n\n\n\n<div style=\"height:137px\" aria-hidden=\"true\" class=\"wp-block-spacer\"><\/div>","protected":false},"excerpt":{"rendered":"<p>Ver\u00f3nica Ortiz I am Ver\u00f3nica Ortiz Coronel, originally from Mexico City, and I have a degree in Marketing. My professional career began in the corporate environment, but it was my desire to discover new worlds that took me first to Toronto, Canada, and then to Playa del Carmen, where my life took an unexpected and [&hellip;]<\/p>\n","protected":false},"author":1,"featured_media":0,"parent":0,"menu_order":0,"comment_status":"closed","ping_status":"closed","template":"template-plain","meta":{"_themeisle_gutenberg_block_has_review":false,"footnotes":""},"class_list":["post-979","page","type-page","status-publish","hentry"],"_links":{"self":[{"href":"https:\/\/zotz.mx\/es\/wp-json\/wp\/v2\/pages\/979","targetHints":{"allow":["GET"]}}],"collection":[{"href":"https:\/\/zotz.mx\/es\/wp-json\/wp\/v2\/pages"}],"about":[{"href":"https:\/\/zotz.mx\/es\/wp-json\/wp\/v2\/types\/page"}],"author":[{"embeddable":true,"href":"https:\/\/zotz.mx\/es\/wp-json\/wp\/v2\/users\/1"}],"replies":[{"embeddable":true,"href":"https:\/\/zotz.mx\/es\/wp-json\/wp\/v2\/comments?post=979"}],"version-history":[{"count":10,"href":"https:\/\/zotz.mx\/es\/wp-json\/wp\/v2\/pages\/979\/revisions"}],"predecessor-version":[{"id":1050,"href":"https:\/\/zotz.mx\/es\/wp-json\/wp\/v2\/pages\/979\/revisions\/1050"}],"wp:attachment":[{"href":"https:\/\/zotz.mx\/es\/wp-json\/wp\/v2\/media?parent=979"}],"curies":[{"name":"wp","href":"https:\/\/api.w.org\/{rel}","templated":true}]}}