{"id":996,"date":"2026-04-24T06:39:10","date_gmt":"2026-04-24T06:39:10","guid":{"rendered":"https:\/\/zotz.mx\/?page_id=996"},"modified":"2026-04-24T16:47:18","modified_gmt":"2026-04-24T16:47:18","slug":"alejandra-garcia","status":"publish","type":"page","link":"https:\/\/zotz.mx\/es\/alejandra-garcia\/","title":{"rendered":"Alejandra Garc\u00eda"},"content":{"rendered":"<div class=\"wp-block-cover alignfull\" style=\"margin-top:-130px;margin-bottom:0;padding-top:0;padding-right:0;padding-bottom:0;padding-left:0\"><span aria-hidden=\"true\" class=\"wp-block-cover__background has-raft-fg-background-color has-background-dim-100 has-background-dim\"><\/span><div class=\"wp-block-cover__inner-container is-layout-flow wp-block-cover-is-layout-flow\">\n<div class=\"alignnormal\"><div id=\"metaslider-id-961\" style=\"width: 100%;\" class=\"ml-slider-3-108-0 metaslider metaslider-flex metaslider-961 ml-slider ms-theme-bitono nav-hidden\" role=\"region\" aria-label=\"zt-ale\" data-height=\"450\" data-width=\"1280\">\n    <div id=\"metaslider_container_961\">\n        <div id=\"metaslider_961\">\n            <ul aria-live='off' class='slides'>\n                <li style=\"display: block; width: 100%;\" class=\"slide-962 ms-image\" aria-roledescription=\"slide\" data-date=\"2026-04-24 05:16:17\" data-filename=\"zt-about-ale-slide-a-1280x450.jpg\" data-slide-type=\"image\"><img loading=\"lazy\" decoding=\"async\" src=\"https:\/\/zotz.mx\/wp-content\/uploads\/2026\/04\/zt-about-ale-slide-a-1280x450.jpg\" height=\"450\" width=\"1280\" alt=\"\" class=\"slider-961 slide-962 msDefaultImage\" title=\"zt-about-ale-slide-a\" \/><\/li>\n                <li style=\"display: none; width: 100%;\" class=\"slide-963 ms-image\" aria-roledescription=\"slide\" data-date=\"2026-04-24 05:16:17\" data-filename=\"zt-about-ale-slide-c-1280x450.jpg\" data-slide-type=\"image\"><img loading=\"lazy\" decoding=\"async\" src=\"https:\/\/zotz.mx\/wp-content\/uploads\/2026\/04\/zt-about-ale-slide-c-1280x450.jpg\" height=\"450\" width=\"1280\" alt=\"\" class=\"slider-961 slide-963 msDefaultImage\" title=\"zt-about-ale-slide-c\" \/><\/li>\n                <li style=\"display: none; width: 100%;\" class=\"slide-964 ms-image\" aria-roledescription=\"slide\" data-date=\"2026-04-24 05:16:17\" data-filename=\"zt-about-ale-slide-b-1280x450.jpg\" data-slide-type=\"image\"><img loading=\"lazy\" decoding=\"async\" src=\"https:\/\/zotz.mx\/wp-content\/uploads\/2026\/04\/zt-about-ale-slide-b-1280x450.jpg\" height=\"450\" width=\"1280\" alt=\"\" class=\"slider-961 slide-964 msDefaultImage\" title=\"zt-about-ale-slide-b\" \/><\/li>\n            <\/ul>\n        <\/div>\n        \n    <\/div>\n<\/div><\/div>\n<\/div><\/div>\n\n\n\n<div class=\"wp-block-group is-layout-constrained wp-container-core-group-is-layout-73405a87 wp-block-group-is-layout-constrained\">\n<div class=\"wp-block-columns is-layout-flex wp-container-core-columns-is-layout-55ce408b wp-block-columns-is-layout-flex\" style=\"margin-top:var(--wp--preset--spacing--70);padding-top:var(--wp--preset--spacing--50);padding-right:var(--wp--preset--spacing--50);padding-bottom:var(--wp--preset--spacing--50);padding-left:var(--wp--preset--spacing--50)\">\n<div class=\"wp-block-column is-layout-flow wp-block-column-is-layout-flow\">\n<figure class=\"wp-block-image size-full has-custom-border\" style=\"margin-top:var(--wp--preset--spacing--30);margin-right:var(--wp--preset--spacing--30);margin-bottom:var(--wp--preset--spacing--30);margin-left:var(--wp--preset--spacing--30)\"><img loading=\"lazy\" decoding=\"async\" width=\"1280\" height=\"1920\" src=\"https:\/\/zotz.mx\/wp-content\/uploads\/2026\/04\/zt-about-ale-lg.jpg\" alt=\"\" class=\"has-border-color wp-image-997\" style=\"border-color:#abb8c3;border-width:1px;border-top-left-radius:10px;border-top-right-radius:10px;border-bottom-left-radius:10px;border-bottom-right-radius:10px;aspect-ratio:9\/16;object-fit:cover\" srcset=\"https:\/\/zotz.mx\/wp-content\/uploads\/2026\/04\/zt-about-ale-lg.jpg 1280w, https:\/\/zotz.mx\/wp-content\/uploads\/2026\/04\/zt-about-ale-lg-200x300.jpg 200w, https:\/\/zotz.mx\/wp-content\/uploads\/2026\/04\/zt-about-ale-lg-683x1024.jpg 683w, https:\/\/zotz.mx\/wp-content\/uploads\/2026\/04\/zt-about-ale-lg-768x1152.jpg 768w, https:\/\/zotz.mx\/wp-content\/uploads\/2026\/04\/zt-about-ale-lg-1024x1536.jpg 1024w, https:\/\/zotz.mx\/wp-content\/uploads\/2026\/04\/zt-about-ale-lg-8x12.jpg 8w, https:\/\/zotz.mx\/wp-content\/uploads\/2026\/04\/zt-about-ale-lg-600x900.jpg 600w\" sizes=\"auto, (max-width: 1280px) 100vw, 1280px\" \/><\/figure>\n<\/div>\n\n\n\n<div class=\"wp-block-column is-layout-flow wp-block-column-is-layout-flow\">\n<h2 class=\"wp-block-heading\">Alejandra Garc\u00eda<\/h2>\n\n\n\n<p>Intento transmitir mi pasi\u00f3n, conocimientos y respeto por el medio subacu\u00e1tico teniendo en cuenta las necesidades y gustos espec\u00edficos de cada uno.<\/p>\n\n\n\n<p>Mi carrera como instructor de buceo recreativo y t\u00e9cnico, me llev\u00f3 a explorar pa\u00edses en los mares Atl\u00e1ntico, Pac\u00edfico e \u00cdndico; acumulando miles de inmersiones en el camino, pero despu\u00e9s de algunos a\u00f1os decid\u00ed regresar a mi hermosa tierra mexicana por sus cuevas sumergidas \u00fanicas.<\/p>\n\n\n\n<p>Mi pasi\u00f3n por el buceo surgi\u00f3 a temprana edad, desde la primera inmersi\u00f3n supe que era mi vocaci\u00f3n.\u2028Tras a\u00f1os de experiencia como instructor de aguas abiertas me adentr\u00e9 en el buceo t\u00e9cnico para ampliar a\u00fan m\u00e1s los l\u00edmites de la exploraci\u00f3n.<\/p>\n\n\n\n<p>Pero mi viaje no se limita a los logros personales, sino que se trata de compartir mi pasi\u00f3n y mis conocimientos con los dem\u00e1s.\u2028Como instructor, me he dedicado no s\u00f3lo a ense\u00f1ar los fundamentos del buceo, sino tambi\u00e9n a inculcar a mis alumnos un profundo respeto por el medio marino. Para m\u00ed, la conservaci\u00f3n no es s\u00f3lo una palabra de moda: es una forma de vida.<\/p>\n\n\n\n<p>Tanto si dirijo a un grupo de buceadores principiantes en su primera aventura subacu\u00e1tica como si gu\u00edo a entusiastas experimentados a trav\u00e9s de intrincados sistemas de cuevas, mi compromiso sigue siendo el mismo: fomentar una cultura de conservaci\u00f3n y administraci\u00f3n dentro de la comunidad de buceo. Porque creo que fomentando el aprecio por la belleza y la fragilidad, podemos inspirar a las generaciones futuras para que la protejan en los a\u00f1os venideros.<\/p>\n<\/div>\n<\/div>\n<\/div>\n\n\n\n<p><\/p>","protected":false},"excerpt":{"rendered":"<p>Alejandra Garc\u00eda I try to transmit my passion, knowledge and respect for the underwater environment considering the specific needs and tastes of each one. My career as a recreational and technical diving instructor, it took me to explore countries in the Atlantic, Pacific and Indian seas; accumulating thousands of dives along the way, but after [&hellip;]<\/p>\n","protected":false},"author":1,"featured_media":0,"parent":0,"menu_order":0,"comment_status":"closed","ping_status":"closed","template":"template-plain","meta":{"_themeisle_gutenberg_block_has_review":false,"footnotes":""},"class_list":["post-996","page","type-page","status-publish","hentry"],"_links":{"self":[{"href":"https:\/\/zotz.mx\/es\/wp-json\/wp\/v2\/pages\/996","targetHints":{"allow":["GET"]}}],"collection":[{"href":"https:\/\/zotz.mx\/es\/wp-json\/wp\/v2\/pages"}],"about":[{"href":"https:\/\/zotz.mx\/es\/wp-json\/wp\/v2\/types\/page"}],"author":[{"embeddable":true,"href":"https:\/\/zotz.mx\/es\/wp-json\/wp\/v2\/users\/1"}],"replies":[{"embeddable":true,"href":"https:\/\/zotz.mx\/es\/wp-json\/wp\/v2\/comments?post=996"}],"version-history":[{"count":8,"href":"https:\/\/zotz.mx\/es\/wp-json\/wp\/v2\/pages\/996\/revisions"}],"predecessor-version":[{"id":1051,"href":"https:\/\/zotz.mx\/es\/wp-json\/wp\/v2\/pages\/996\/revisions\/1051"}],"wp:attachment":[{"href":"https:\/\/zotz.mx\/es\/wp-json\/wp\/v2\/media?parent=996"}],"curies":[{"name":"wp","href":"https:\/\/api.w.org\/{rel}","templated":true}]}}