{"id":117,"date":"2026-03-17T18:14:57","date_gmt":"2026-03-17T18:14:57","guid":{"rendered":"https:\/\/zotz.mx\/?post_type=product&#038;p=117"},"modified":"2026-04-14T17:04:19","modified_gmt":"2026-04-14T17:04:19","slug":"buceo-en-cenote","status":"publish","type":"product","link":"https:\/\/zotz.mx\/es\/producto\/buceo-en-cenote\/","title":{"rendered":"Buceo en Cenote"},"content":{"rendered":"<p>Hoy en d\u00eda, son destinos populares para practicar buceo y snorkel.\u200b<\/p>\n<p>Los cenotes son cavidades naturales adornadas con formaciones de estalactitas y estalagmitas. La transparencia del agua es asombrosa, la temperatura promedio es de 22\u00b0C y la profundidad promedio de 10 metros.<\/p>\n<p><strong>Incluye:<\/strong><\/p>\n<ul>\n<li>Dos buceos<\/li>\n<li>Gu\u00eda autorizado para cada grupo de buzos.<\/li>\n<li>Transporte en camioneta desde la tienda de buceo hasta el barco y\/o Cenotes.<\/li>\n<li>Gu\u00edas y refrigerios a bordo<\/li>\n<li>Lastres y tanques.<\/li>\n<\/ul>\n<p><strong>No incluye:<\/strong><\/p>\n<ul>\n<li>Entrada a los cenotes.<\/li>\n<li>Lo no especificado<\/li>\n<\/ul>\n<p><strong>Servicios Adicionales<\/strong><\/p>\n<ul>\n<li>Renta y\/o venta de equipo<\/li>\n<li>Transportaci\u00f3n aerea<\/li>\n<\/ul>","protected":false},"excerpt":{"rendered":"<p>Explorar los cenotes es una experiencia fascinante, estas formaciones subterr\u00e1neas han sido testigos de miles de a\u00f1os de historia. Antiguamente, eran refugio para los primeros habitantes de la regi\u00f3n. Hoy en d\u00eda, son destinos populares para practicar buceo y snorkel.\u200b<\/p>","protected":false},"featured_media":429,"template":"","meta":{"_themeisle_gutenberg_block_has_review":false},"product_brand":[],"product_cat":[18,20],"product_tag":[],"class_list":{"0":"post-117","1":"product","2":"type-product","3":"status-publish","4":"has-post-thumbnail","6":"product_cat-buceo","7":"product_cat-recreativo","9":"first","10":"instock","11":"featured","12":"taxable","13":"shipping-taxable","14":"purchasable","15":"product-type-simple"},"_links":{"self":[{"href":"https:\/\/zotz.mx\/es\/wp-json\/wp\/v2\/product\/117","targetHints":{"allow":["GET"]}}],"collection":[{"href":"https:\/\/zotz.mx\/es\/wp-json\/wp\/v2\/product"}],"about":[{"href":"https:\/\/zotz.mx\/es\/wp-json\/wp\/v2\/types\/product"}],"wp:featuredmedia":[{"embeddable":true,"href":"https:\/\/zotz.mx\/es\/wp-json\/wp\/v2\/media\/429"}],"wp:attachment":[{"href":"https:\/\/zotz.mx\/es\/wp-json\/wp\/v2\/media?parent=117"}],"wp:term":[{"taxonomy":"product_brand","embeddable":true,"href":"https:\/\/zotz.mx\/es\/wp-json\/wp\/v2\/product_brand?post=117"},{"taxonomy":"product_cat","embeddable":true,"href":"https:\/\/zotz.mx\/es\/wp-json\/wp\/v2\/product_cat?post=117"},{"taxonomy":"product_tag","embeddable":true,"href":"https:\/\/zotz.mx\/es\/wp-json\/wp\/v2\/product_tag?post=117"}],"curies":[{"name":"wp","href":"https:\/\/api.w.org\/{rel}","templated":true}]}}