{"id":119,"date":"2026-03-17T18:14:58","date_gmt":"2026-03-17T18:14:58","guid":{"rendered":"https:\/\/zotz.mx\/?post_type=product&#038;p=119"},"modified":"2026-03-17T18:15:04","modified_gmt":"2026-03-17T18:15:04","slug":"open-water-sidemount","status":"publish","type":"product","link":"https:\/\/zotz.mx\/es\/producto\/open-water-sidemount\/","title":{"rendered":"Open Water Sidemount"},"content":{"rendered":"<p>Descubre una nueva forma de configurar tu equipo. El uso de Sidemount le ofrece m\u00e1s flexibilidad, m\u00e1s tiempo bajo el agua, inmersiones m\u00e1s seguras, mejor control de su flotabilidad e inmersiones m\u00e1s c\u00f3modas.<\/p>","protected":false},"excerpt":{"rendered":"<p>Descubre una nueva forma de configurar tu equipo. El uso de Sidemount le ofrece m\u00e1s flexibilidad, m\u00e1s tiempo bajo el agua, inmersiones m\u00e1s seguras, mejor control de su flotabilidad e inmersiones m\u00e1s c\u00f3modas.<\/p>","protected":false},"featured_media":0,"template":"","meta":{"_themeisle_gutenberg_block_has_review":false},"product_brand":[],"product_cat":[25,26],"product_tag":[],"class_list":{"0":"post-119","1":"product","2":"type-product","3":"status-publish","5":"product_cat-curso","6":"product_cat-recreativo-curso","8":"first","9":"instock","10":"taxable","11":"shipping-taxable","12":"purchasable","13":"product-type-simple"},"_links":{"self":[{"href":"https:\/\/zotz.mx\/es\/wp-json\/wp\/v2\/product\/119","targetHints":{"allow":["GET"]}}],"collection":[{"href":"https:\/\/zotz.mx\/es\/wp-json\/wp\/v2\/product"}],"about":[{"href":"https:\/\/zotz.mx\/es\/wp-json\/wp\/v2\/types\/product"}],"wp:attachment":[{"href":"https:\/\/zotz.mx\/es\/wp-json\/wp\/v2\/media?parent=119"}],"wp:term":[{"taxonomy":"product_brand","embeddable":true,"href":"https:\/\/zotz.mx\/es\/wp-json\/wp\/v2\/product_brand?post=119"},{"taxonomy":"product_cat","embeddable":true,"href":"https:\/\/zotz.mx\/es\/wp-json\/wp\/v2\/product_cat?post=119"},{"taxonomy":"product_tag","embeddable":true,"href":"https:\/\/zotz.mx\/es\/wp-json\/wp\/v2\/product_tag?post=119"}],"curies":[{"name":"wp","href":"https:\/\/api.w.org\/{rel}","templated":true}]}}