{"id":121,"date":"2026-03-17T18:14:58","date_gmt":"2026-03-17T18:14:58","guid":{"rendered":"https:\/\/zotz.mx\/?post_type=product&#038;p=121"},"modified":"2026-03-17T18:15:05","modified_gmt":"2026-03-17T18:15:05","slug":"drift-diver","status":"publish","type":"product","link":"https:\/\/zotz.mx\/es\/producto\/drift-diver\/","title":{"rendered":"Drift Diver"},"content":{"rendered":"<p>Es hora de fluir. Este curso te ense\u00f1a los procedimientos y las t\u00e9cnicas correctas cuando est\u00e1s buceando a trav\u00e9s de fuertes corrientes<\/p>","protected":false},"excerpt":{"rendered":"<p>Es hora de fluir. Este curso te ense\u00f1a los procedimientos y las t\u00e9cnicas correctas cuando est\u00e1s buceando a trav\u00e9s de fuertes corrientes<\/p>","protected":false},"featured_media":0,"template":"","meta":{"_themeisle_gutenberg_block_has_review":false},"product_brand":[],"product_cat":[25,26],"product_tag":[],"class_list":{"0":"post-121","1":"product","2":"type-product","3":"status-publish","5":"product_cat-curso","6":"product_cat-recreativo-curso","8":"first","9":"instock","10":"taxable","11":"shipping-taxable","12":"purchasable","13":"product-type-simple"},"_links":{"self":[{"href":"https:\/\/zotz.mx\/es\/wp-json\/wp\/v2\/product\/121","targetHints":{"allow":["GET"]}}],"collection":[{"href":"https:\/\/zotz.mx\/es\/wp-json\/wp\/v2\/product"}],"about":[{"href":"https:\/\/zotz.mx\/es\/wp-json\/wp\/v2\/types\/product"}],"wp:attachment":[{"href":"https:\/\/zotz.mx\/es\/wp-json\/wp\/v2\/media?parent=121"}],"wp:term":[{"taxonomy":"product_brand","embeddable":true,"href":"https:\/\/zotz.mx\/es\/wp-json\/wp\/v2\/product_brand?post=121"},{"taxonomy":"product_cat","embeddable":true,"href":"https:\/\/zotz.mx\/es\/wp-json\/wp\/v2\/product_cat?post=121"},{"taxonomy":"product_tag","embeddable":true,"href":"https:\/\/zotz.mx\/es\/wp-json\/wp\/v2\/product_tag?post=121"}],"curies":[{"name":"wp","href":"https:\/\/api.w.org\/{rel}","templated":true}]}}