{"id":125,"date":"2026-03-17T18:14:59","date_gmt":"2026-03-17T18:14:59","guid":{"rendered":"https:\/\/zotz.mx\/?post_type=product&#038;p=125"},"modified":"2026-03-17T18:15:05","modified_gmt":"2026-03-17T18:15:05","slug":"helitrox","status":"publish","type":"product","link":"https:\/\/zotz.mx\/es\/producto\/helitrox\/","title":{"rendered":"Helitrox"},"content":{"rendered":"<p>El curso Helitrox examina la teor\u00eda, m\u00e9todos y procedimientos para el buceo con descompresi\u00f3n en etapas planificadas utilizando Helio en la mezcla respiratoria. Este programa est\u00e1 dise\u00f1ado como un curso independiente o puede ser impartido en conjunci\u00f3n con TDI Advanced Nitrox a discreci\u00f3n del instructor. El objetivo de este curso es entrenar a los buceadores a planificar y realizar una inmersi\u00f3n con descompresi\u00f3n por etapas est\u00e1ndar que no exceda una profundidad m\u00e1xima de 45 metros \/ 150 pies.<\/p>","protected":false},"excerpt":{"rendered":"<p>El curso Helitrox examina la teor\u00eda, m\u00e9todos y procedimientos para el buceo con descompresi\u00f3n en etapas planificadas utilizando Helio en la mezcla respiratoria. Este programa est\u00e1 dise\u00f1ado como un curso independiente o puede ser impartido en conjunci\u00f3n con TDI Advanced Nitrox a discreci\u00f3n del instructor. El objetivo de este curso es entrenar a los buceadores [&hellip;]<\/p>\n","protected":false},"featured_media":0,"template":"","meta":{"_themeisle_gutenberg_block_has_review":false},"product_brand":[],"product_cat":[25,27],"product_tag":[],"class_list":{"0":"post-125","1":"product","2":"type-product","3":"status-publish","5":"product_cat-curso","6":"product_cat-tecnico-curso","8":"first","9":"instock","10":"taxable","11":"shipping-taxable","12":"purchasable","13":"product-type-simple"},"_links":{"self":[{"href":"https:\/\/zotz.mx\/es\/wp-json\/wp\/v2\/product\/125","targetHints":{"allow":["GET"]}}],"collection":[{"href":"https:\/\/zotz.mx\/es\/wp-json\/wp\/v2\/product"}],"about":[{"href":"https:\/\/zotz.mx\/es\/wp-json\/wp\/v2\/types\/product"}],"wp:attachment":[{"href":"https:\/\/zotz.mx\/es\/wp-json\/wp\/v2\/media?parent=125"}],"wp:term":[{"taxonomy":"product_brand","embeddable":true,"href":"https:\/\/zotz.mx\/es\/wp-json\/wp\/v2\/product_brand?post=125"},{"taxonomy":"product_cat","embeddable":true,"href":"https:\/\/zotz.mx\/es\/wp-json\/wp\/v2\/product_cat?post=125"},{"taxonomy":"product_tag","embeddable":true,"href":"https:\/\/zotz.mx\/es\/wp-json\/wp\/v2\/product_tag?post=125"}],"curies":[{"name":"wp","href":"https:\/\/api.w.org\/{rel}","templated":true}]}}