{"id":127,"date":"2026-03-17T18:14:59","date_gmt":"2026-03-17T18:14:59","guid":{"rendered":"https:\/\/zotz.mx\/?post_type=product&#038;p=127"},"modified":"2026-03-17T18:15:06","modified_gmt":"2026-03-17T18:15:06","slug":"tec-trimix-diver","status":"publish","type":"product","link":"https:\/\/zotz.mx\/es\/producto\/tec-trimix-diver\/","title":{"rendered":"Tec Trimix Diver"},"content":{"rendered":"<p>\u00bf Listo para el l\u00edmite exterior del buceo t\u00e9cnico? El curso Tec Trimix Diver convierte a los buceadores t\u00e9cnicos experimentados en buceadores extremos que profundizan y visitan lugares v\u00edrgenes a los que muy pocos llegan. Durante el curso, realizar\u00e1 inmersiones de hasta 90 metros\/300 pies de profundidad, pero una vez obtenida esta dura certificaci\u00f3n, existen pocos l\u00edmites.<\/p>","protected":false},"excerpt":{"rendered":"<p>\u00bf Listo para el l\u00edmite exterior del buceo t\u00e9cnico? El curso Tec Trimix Diver convierte a los buceadores t\u00e9cnicos experimentados en buceadores extremos que profundizan y visitan lugares v\u00edrgenes a los que muy pocos llegan. Durante el curso, realizar\u00e1 inmersiones de hasta 90 metros\/300 pies de profundidad, pero una vez obtenida esta dura certificaci\u00f3n, existen [&hellip;]<\/p>\n","protected":false},"featured_media":0,"template":"","meta":{"_themeisle_gutenberg_block_has_review":false},"product_brand":[],"product_cat":[25,27],"product_tag":[],"class_list":{"0":"post-127","1":"product","2":"type-product","3":"status-publish","5":"product_cat-curso","6":"product_cat-tecnico-curso","8":"first","9":"instock","10":"taxable","11":"shipping-taxable","12":"purchasable","13":"product-type-simple"},"_links":{"self":[{"href":"https:\/\/zotz.mx\/es\/wp-json\/wp\/v2\/product\/127","targetHints":{"allow":["GET"]}}],"collection":[{"href":"https:\/\/zotz.mx\/es\/wp-json\/wp\/v2\/product"}],"about":[{"href":"https:\/\/zotz.mx\/es\/wp-json\/wp\/v2\/types\/product"}],"wp:attachment":[{"href":"https:\/\/zotz.mx\/es\/wp-json\/wp\/v2\/media?parent=127"}],"wp:term":[{"taxonomy":"product_brand","embeddable":true,"href":"https:\/\/zotz.mx\/es\/wp-json\/wp\/v2\/product_brand?post=127"},{"taxonomy":"product_cat","embeddable":true,"href":"https:\/\/zotz.mx\/es\/wp-json\/wp\/v2\/product_cat?post=127"},{"taxonomy":"product_tag","embeddable":true,"href":"https:\/\/zotz.mx\/es\/wp-json\/wp\/v2\/product_tag?post=127"}],"curies":[{"name":"wp","href":"https:\/\/api.w.org\/{rel}","templated":true}]}}