{"id":129,"date":"2026-03-17T18:15:00","date_gmt":"2026-03-17T18:15:00","guid":{"rendered":"https:\/\/zotz.mx\/?post_type=product&#038;p=129"},"modified":"2026-03-17T18:15:06","modified_gmt":"2026-03-17T18:15:06","slug":"tec-40","status":"publish","type":"product","link":"https:\/\/zotz.mx\/es\/producto\/tec-40\/","title":{"rendered":"Tec 40"},"content":{"rendered":"<p>El curso PADI Tec 40 es la transici\u00f3n del buceo recreativo al buceo t\u00e9cnico. Es un gran lugar para empezar porque es la primera subdivisi\u00f3n del curso completo PADI Tec Diver y cierra la brecha entre el buceo sin paradas y el buceo t\u00e9cnico completo con descompresi\u00f3n profunda. Ganar\u00e1s experiencia y empezar\u00e1s a construir los conocimientos y habilidades que necesitas para continuar tu formaci\u00f3n de Tec Diver. Estar\u00e1s cualificado para realizar inmersiones con descompresi\u00f3n limitada a 40 metros\/130 pies.<\/p>","protected":false},"excerpt":{"rendered":"<p>El curso PADI Tec 40 es la transici\u00f3n del buceo recreativo al buceo t\u00e9cnico. Es un gran lugar para empezar porque es la primera subdivisi\u00f3n del curso completo PADI Tec Diver y cierra la brecha entre el buceo sin paradas y el buceo t\u00e9cnico completo con descompresi\u00f3n profunda. Ganar\u00e1s experiencia y empezar\u00e1s a construir los [&hellip;]<\/p>\n","protected":false},"featured_media":0,"template":"","meta":{"_themeisle_gutenberg_block_has_review":false},"product_brand":[],"product_cat":[25,27],"product_tag":[],"class_list":{"0":"post-129","1":"product","2":"type-product","3":"status-publish","5":"product_cat-curso","6":"product_cat-tecnico-curso","8":"first","9":"instock","10":"taxable","11":"shipping-taxable","12":"purchasable","13":"product-type-simple"},"_links":{"self":[{"href":"https:\/\/zotz.mx\/es\/wp-json\/wp\/v2\/product\/129","targetHints":{"allow":["GET"]}}],"collection":[{"href":"https:\/\/zotz.mx\/es\/wp-json\/wp\/v2\/product"}],"about":[{"href":"https:\/\/zotz.mx\/es\/wp-json\/wp\/v2\/types\/product"}],"wp:attachment":[{"href":"https:\/\/zotz.mx\/es\/wp-json\/wp\/v2\/media?parent=129"}],"wp:term":[{"taxonomy":"product_brand","embeddable":true,"href":"https:\/\/zotz.mx\/es\/wp-json\/wp\/v2\/product_brand?post=129"},{"taxonomy":"product_cat","embeddable":true,"href":"https:\/\/zotz.mx\/es\/wp-json\/wp\/v2\/product_cat?post=129"},{"taxonomy":"product_tag","embeddable":true,"href":"https:\/\/zotz.mx\/es\/wp-json\/wp\/v2\/product_tag?post=129"}],"curies":[{"name":"wp","href":"https:\/\/api.w.org\/{rel}","templated":true}]}}