{"id":130,"date":"2026-03-17T18:15:00","date_gmt":"2026-03-17T18:15:00","guid":{"rendered":"https:\/\/zotz.mx\/?post_type=product&#038;p=130"},"modified":"2026-03-17T18:15:06","modified_gmt":"2026-03-17T18:15:06","slug":"tec-45","status":"publish","type":"product","link":"https:\/\/zotz.mx\/es\/producto\/tec-45\/","title":{"rendered":"Tec 45"},"content":{"rendered":"<p>El curso PADI Tec 45 es la segunda parte del programa completo PADI Tec Deep Diver. Ampliar\u00e1s tu l\u00edmite de profundidad a 45 metros\/145 pies y aprender\u00e1s a planificar y ejecutar inmersiones con descompresi\u00f3n repetitiva utilizando una sola botella de descompresi\u00f3n\/etapa. Te coloca en un equipo de buceo Tec completo, que puede ser de montaje trasero o lateral. Tambi\u00e9n realizar\u00e1s inmersiones con descompresi\u00f3n acelerada utilizando EANx u ox\u00edgeno puro. Este es un curso en el que te enfrentar\u00e1s al reto y te comprometer\u00e1s a convertirte en un buceador t\u00e9cnico.<\/p>","protected":false},"excerpt":{"rendered":"<p>El curso PADI Tec 45 es la segunda parte del programa completo PADI Tec Deep Diver. Ampliar\u00e1s tu l\u00edmite de profundidad a 45 metros\/145 pies y aprender\u00e1s a planificar y ejecutar inmersiones con descompresi\u00f3n repetitiva utilizando una sola botella de descompresi\u00f3n\/etapa. Te coloca en un equipo de buceo Tec completo, que puede ser de montaje [&hellip;]<\/p>\n","protected":false},"featured_media":0,"template":"","meta":{"_themeisle_gutenberg_block_has_review":false},"product_brand":[],"product_cat":[25,27],"product_tag":[],"class_list":{"0":"post-130","1":"product","2":"type-product","3":"status-publish","5":"product_cat-curso","6":"product_cat-tecnico-curso","8":"first","9":"instock","10":"taxable","11":"shipping-taxable","12":"purchasable","13":"product-type-simple"},"_links":{"self":[{"href":"https:\/\/zotz.mx\/es\/wp-json\/wp\/v2\/product\/130","targetHints":{"allow":["GET"]}}],"collection":[{"href":"https:\/\/zotz.mx\/es\/wp-json\/wp\/v2\/product"}],"about":[{"href":"https:\/\/zotz.mx\/es\/wp-json\/wp\/v2\/types\/product"}],"wp:attachment":[{"href":"https:\/\/zotz.mx\/es\/wp-json\/wp\/v2\/media?parent=130"}],"wp:term":[{"taxonomy":"product_brand","embeddable":true,"href":"https:\/\/zotz.mx\/es\/wp-json\/wp\/v2\/product_brand?post=130"},{"taxonomy":"product_cat","embeddable":true,"href":"https:\/\/zotz.mx\/es\/wp-json\/wp\/v2\/product_cat?post=130"},{"taxonomy":"product_tag","embeddable":true,"href":"https:\/\/zotz.mx\/es\/wp-json\/wp\/v2\/product_tag?post=130"}],"curies":[{"name":"wp","href":"https:\/\/api.w.org\/{rel}","templated":true}]}}