{"id":131,"date":"2026-03-17T18:15:00","date_gmt":"2026-03-17T18:15:00","guid":{"rendered":"https:\/\/zotz.mx\/?post_type=product&#038;p=131"},"modified":"2026-03-17T18:15:06","modified_gmt":"2026-03-17T18:15:06","slug":"tec-50","status":"publish","type":"product","link":"https:\/\/zotz.mx\/es\/producto\/tec-50\/","title":{"rendered":"Tec 50"},"content":{"rendered":"<p>La tercera parte del programa completo PADI Tec Deep Diver es Tec 50. Como buceador Tec 50, demuestras que has desarrollado la competencia como buceador Tec y tienes las habilidades para bucear hasta un m\u00e1ximo de 50 metros\/165 pies. Sabes hacer paradas de descompresi\u00f3n prolongadas y aceleradas utilizando hasta dos gases. No es f\u00e1cil alcanzar este nivel y la obtenci\u00f3n de la certificaci\u00f3n Tec 50 abre las puertas a expediciones de buceo m\u00e1s profundas.<\/p>","protected":false},"excerpt":{"rendered":"<p>La tercera parte del programa completo PADI Tec Deep Diver es Tec 50. Como buceador Tec 50, demuestras que has desarrollado la competencia como buceador Tec y tienes las habilidades para bucear hasta un m\u00e1ximo de 50 metros\/165 pies. Sabes hacer paradas de descompresi\u00f3n prolongadas y aceleradas utilizando hasta dos gases. No es f\u00e1cil alcanzar [&hellip;]<\/p>\n","protected":false},"featured_media":0,"template":"","meta":{"_themeisle_gutenberg_block_has_review":false},"product_brand":[],"product_cat":[25,27],"product_tag":[],"class_list":{"0":"post-131","1":"product","2":"type-product","3":"status-publish","5":"product_cat-curso","6":"product_cat-tecnico-curso","8":"first","9":"instock","10":"taxable","11":"shipping-taxable","12":"purchasable","13":"product-type-simple"},"_links":{"self":[{"href":"https:\/\/zotz.mx\/es\/wp-json\/wp\/v2\/product\/131","targetHints":{"allow":["GET"]}}],"collection":[{"href":"https:\/\/zotz.mx\/es\/wp-json\/wp\/v2\/product"}],"about":[{"href":"https:\/\/zotz.mx\/es\/wp-json\/wp\/v2\/types\/product"}],"wp:attachment":[{"href":"https:\/\/zotz.mx\/es\/wp-json\/wp\/v2\/media?parent=131"}],"wp:term":[{"taxonomy":"product_brand","embeddable":true,"href":"https:\/\/zotz.mx\/es\/wp-json\/wp\/v2\/product_brand?post=131"},{"taxonomy":"product_cat","embeddable":true,"href":"https:\/\/zotz.mx\/es\/wp-json\/wp\/v2\/product_cat?post=131"},{"taxonomy":"product_tag","embeddable":true,"href":"https:\/\/zotz.mx\/es\/wp-json\/wp\/v2\/product_tag?post=131"}],"curies":[{"name":"wp","href":"https:\/\/api.w.org\/{rel}","templated":true}]}}