{"id":148,"date":"2026-03-17T18:15:08","date_gmt":"2026-03-17T18:15:08","guid":{"rendered":"https:\/\/zotz.mx\/?post_type=product&#038;p=148"},"modified":"2026-04-14T16:58:36","modified_gmt":"2026-04-14T16:58:36","slug":"buceo-en-cozumel","status":"publish","type":"product","link":"https:\/\/zotz.mx\/es\/producto\/buceo-en-cozumel\/","title":{"rendered":"Buceo en Cozumel"},"content":{"rendered":"<p>La isla de Cozumel est\u00e1 reconocida como uno de los mejores lugares de buceo del mundo, principalmente porque cuenta con el segundo arrecife de coral m\u00e1s grande del mundo, con 17 kil\u00f3metros de extensi\u00f3n.<\/p>","protected":false},"excerpt":{"rendered":"<p>La isla de Cozumel est\u00e1 reconocida como uno de los mejores lugares de buceo del mundo, principalmente porque cuenta con el segundo arrecife de coral m\u00e1s grande del mundo, con 17 kil\u00f3metros de extensi\u00f3n.<\/p>","protected":false},"featured_media":27,"template":"","meta":{"_themeisle_gutenberg_block_has_review":false},"product_brand":[],"product_cat":[18,20],"product_tag":[],"class_list":{"0":"post-148","1":"product","2":"type-product","3":"status-publish","4":"has-post-thumbnail","6":"product_cat-buceo","7":"product_cat-recreativo","9":"first","10":"instock","11":"featured","12":"taxable","13":"shipping-taxable","14":"purchasable","15":"product-type-simple"},"_links":{"self":[{"href":"https:\/\/zotz.mx\/es\/wp-json\/wp\/v2\/product\/148","targetHints":{"allow":["GET"]}}],"collection":[{"href":"https:\/\/zotz.mx\/es\/wp-json\/wp\/v2\/product"}],"about":[{"href":"https:\/\/zotz.mx\/es\/wp-json\/wp\/v2\/types\/product"}],"wp:featuredmedia":[{"embeddable":true,"href":"https:\/\/zotz.mx\/es\/wp-json\/wp\/v2\/media\/27"}],"wp:attachment":[{"href":"https:\/\/zotz.mx\/es\/wp-json\/wp\/v2\/media?parent=148"}],"wp:term":[{"taxonomy":"product_brand","embeddable":true,"href":"https:\/\/zotz.mx\/es\/wp-json\/wp\/v2\/product_brand?post=148"},{"taxonomy":"product_cat","embeddable":true,"href":"https:\/\/zotz.mx\/es\/wp-json\/wp\/v2\/product_cat?post=148"},{"taxonomy":"product_tag","embeddable":true,"href":"https:\/\/zotz.mx\/es\/wp-json\/wp\/v2\/product_tag?post=148"}],"curies":[{"name":"wp","href":"https:\/\/api.w.org\/{rel}","templated":true}]}}