{"id":160,"date":"2026-03-17T18:15:10","date_gmt":"2026-03-17T18:15:10","guid":{"rendered":"https:\/\/zotz.mx\/?post_type=product&#038;p=160"},"modified":"2026-03-17T20:15:00","modified_gmt":"2026-03-17T20:15:00","slug":"emergency-oxygen-for-scuba-diving-injuries","status":"publish","type":"product","link":"https:\/\/zotz.mx\/es\/producto\/emergency-oxygen-for-scuba-diving-injuries\/","title":{"rendered":"Emergency Oxygen for Scuba Diving Injuries"},"content":{"rendered":"<p>Prep\u00e1rese para aprender a administrar ox\u00edgeno a buceadores que puedan estar sufriendo la enfermedad de descompresi\u00f3n. Adem\u00e1s, aprender\u00e1s a reconocer los signos y s\u00edntomas de la enfermedad descompresiva y a responder adecuadamente.<\/p>","protected":false},"excerpt":{"rendered":"<p>Prep\u00e1rese para aprender a administrar ox\u00edgeno a buceadores que puedan estar sufriendo la enfermedad de descompresi\u00f3n. Adem\u00e1s, aprender\u00e1s a reconocer los signos y s\u00edntomas de la enfermedad descompresiva y a responder adecuadamente.<\/p>","protected":false},"featured_media":218,"template":"","meta":{"_themeisle_gutenberg_block_has_review":false},"product_brand":[],"product_cat":[25,26],"product_tag":[],"class_list":{"0":"post-160","1":"product","2":"type-product","3":"status-publish","4":"has-post-thumbnail","6":"product_cat-curso","7":"product_cat-recreativo-curso","9":"first","10":"instock","11":"taxable","12":"shipping-taxable","13":"purchasable","14":"product-type-simple"},"_links":{"self":[{"href":"https:\/\/zotz.mx\/es\/wp-json\/wp\/v2\/product\/160","targetHints":{"allow":["GET"]}}],"collection":[{"href":"https:\/\/zotz.mx\/es\/wp-json\/wp\/v2\/product"}],"about":[{"href":"https:\/\/zotz.mx\/es\/wp-json\/wp\/v2\/types\/product"}],"wp:featuredmedia":[{"embeddable":true,"href":"https:\/\/zotz.mx\/es\/wp-json\/wp\/v2\/media\/218"}],"wp:attachment":[{"href":"https:\/\/zotz.mx\/es\/wp-json\/wp\/v2\/media?parent=160"}],"wp:term":[{"taxonomy":"product_brand","embeddable":true,"href":"https:\/\/zotz.mx\/es\/wp-json\/wp\/v2\/product_brand?post=160"},{"taxonomy":"product_cat","embeddable":true,"href":"https:\/\/zotz.mx\/es\/wp-json\/wp\/v2\/product_cat?post=160"},{"taxonomy":"product_tag","embeddable":true,"href":"https:\/\/zotz.mx\/es\/wp-json\/wp\/v2\/product_tag?post=160"}],"curies":[{"name":"wp","href":"https:\/\/api.w.org\/{rel}","templated":true}]}}