{"id":161,"date":"2026-03-17T18:15:10","date_gmt":"2026-03-17T18:15:10","guid":{"rendered":"https:\/\/zotz.mx\/?post_type=product&#038;p=161"},"modified":"2026-03-17T18:15:12","modified_gmt":"2026-03-17T18:15:12","slug":"o2-administration","status":"publish","type":"product","link":"https:\/\/zotz.mx\/es\/producto\/o2-administration\/","title":{"rendered":"O2 Administration"},"content":{"rendered":"<p>Prep\u00e1rese para aprender a administrar ox\u00edgeno a buceadores que puedan estar sufriendo la enfermedad de descompresi\u00f3n. Adem\u00e1s, aprender\u00e1s a reconocer los signos y s\u00edntomas de la enfermedad descompresiva y a responder adecuadamente.<\/p>","protected":false},"excerpt":{"rendered":"<p>Prep\u00e1rese para aprender a administrar ox\u00edgeno a buceadores que puedan estar sufriendo la enfermedad de descompresi\u00f3n. Adem\u00e1s, aprender\u00e1s a reconocer los signos y s\u00edntomas de la enfermedad descompresiva y a responder adecuadamente.<\/p>","protected":false},"featured_media":0,"template":"","meta":{"_themeisle_gutenberg_block_has_review":false},"product_brand":[],"product_cat":[25,26],"product_tag":[],"class_list":{"0":"post-161","1":"product","2":"type-product","3":"status-publish","5":"product_cat-curso","6":"product_cat-recreativo-curso","8":"first","9":"instock","10":"taxable","11":"shipping-taxable","12":"purchasable","13":"product-type-simple"},"_links":{"self":[{"href":"https:\/\/zotz.mx\/es\/wp-json\/wp\/v2\/product\/161","targetHints":{"allow":["GET"]}}],"collection":[{"href":"https:\/\/zotz.mx\/es\/wp-json\/wp\/v2\/product"}],"about":[{"href":"https:\/\/zotz.mx\/es\/wp-json\/wp\/v2\/types\/product"}],"wp:attachment":[{"href":"https:\/\/zotz.mx\/es\/wp-json\/wp\/v2\/media?parent=161"}],"wp:term":[{"taxonomy":"product_brand","embeddable":true,"href":"https:\/\/zotz.mx\/es\/wp-json\/wp\/v2\/product_brand?post=161"},{"taxonomy":"product_cat","embeddable":true,"href":"https:\/\/zotz.mx\/es\/wp-json\/wp\/v2\/product_cat?post=161"},{"taxonomy":"product_tag","embeddable":true,"href":"https:\/\/zotz.mx\/es\/wp-json\/wp\/v2\/product_tag?post=161"}],"curies":[{"name":"wp","href":"https:\/\/api.w.org\/{rel}","templated":true}]}}