{"id":167,"date":"2026-03-17T18:15:10","date_gmt":"2026-03-17T18:15:10","guid":{"rendered":"https:\/\/zotz.mx\/?post_type=product&#038;p=167"},"modified":"2026-03-17T18:15:12","modified_gmt":"2026-03-17T18:15:12","slug":"navegacion-subacuatica","status":"publish","type":"product","link":"https:\/\/zotz.mx\/es\/producto\/navegacion-subacuatica\/","title":{"rendered":"Navegaci\u00f3n Subacu\u00e1tica"},"content":{"rendered":"<p>Gana m\u00e1s confianza bajo el agua sabiendo d\u00f3nde est\u00e1s y hacia d\u00f3nde vas. Este curso te ayuda a mejorar tus t\u00e9cnicas de observaci\u00f3n y el uso de tu br\u00fajula con mayor precisi\u00f3n bajo el agua.<\/p>","protected":false},"excerpt":{"rendered":"<p>Gana m\u00e1s confianza bajo el agua sabiendo d\u00f3nde est\u00e1s y hacia d\u00f3nde vas. Este curso te ayuda a mejorar tus t\u00e9cnicas de observaci\u00f3n y el uso de tu br\u00fajula con mayor precisi\u00f3n bajo el agua.<\/p>","protected":false},"featured_media":0,"template":"","meta":{"_themeisle_gutenberg_block_has_review":false},"product_brand":[],"product_cat":[25,26],"product_tag":[],"class_list":{"0":"post-167","1":"product","2":"type-product","3":"status-publish","5":"product_cat-curso","6":"product_cat-recreativo-curso","8":"first","9":"instock","10":"taxable","11":"shipping-taxable","12":"purchasable","13":"product-type-simple"},"_links":{"self":[{"href":"https:\/\/zotz.mx\/es\/wp-json\/wp\/v2\/product\/167","targetHints":{"allow":["GET"]}}],"collection":[{"href":"https:\/\/zotz.mx\/es\/wp-json\/wp\/v2\/product"}],"about":[{"href":"https:\/\/zotz.mx\/es\/wp-json\/wp\/v2\/types\/product"}],"wp:attachment":[{"href":"https:\/\/zotz.mx\/es\/wp-json\/wp\/v2\/media?parent=167"}],"wp:term":[{"taxonomy":"product_brand","embeddable":true,"href":"https:\/\/zotz.mx\/es\/wp-json\/wp\/v2\/product_brand?post=167"},{"taxonomy":"product_cat","embeddable":true,"href":"https:\/\/zotz.mx\/es\/wp-json\/wp\/v2\/product_cat?post=167"},{"taxonomy":"product_tag","embeddable":true,"href":"https:\/\/zotz.mx\/es\/wp-json\/wp\/v2\/product_tag?post=167"}],"curies":[{"name":"wp","href":"https:\/\/api.w.org\/{rel}","templated":true}]}}