{"id":179,"date":"2026-03-17T18:15:14","date_gmt":"2026-03-17T18:15:14","guid":{"rendered":"https:\/\/zotz.mx\/?post_type=product&#038;p=179"},"modified":"2026-03-21T22:27:01","modified_gmt":"2026-03-21T22:27:01","slug":"advanced-cave-diver","status":"publish","type":"product","link":"https:\/\/zotz.mx\/es\/producto\/advanced-cave-diver\/","title":{"rendered":"Advanced Cave Diver"},"content":{"rendered":"<p>Los estudiantes deben estar certificados como NSS-CDS Apprentice Cave Diver o equivalente. Los estudiantes deben poseer las certificaciones de Advanced Open Water Diver y Nitrox Diver de nivel inicial o equivalente de una organizaci\u00f3n de formaci\u00f3n de buceadores ampliamente reconocida, o experiencia equivalente.<\/p>\n<p>Los alumnos que participen en cualquier programa de formaci\u00f3n que implique descompresi\u00f3n planificada deben poseer la certificaci\u00f3n apropiada de una organizaci\u00f3n de formaci\u00f3n de buceadores ampliamente reconocida. Esta formaci\u00f3n debe cubrir\u202f Uso de ox\u00edgeno puro o mezclas de descompresi\u00f3n ricas en ox\u00edgeno y procedimientos para el buceo con descompresi\u00f3n. Esta formaci\u00f3n puede tener lugar simult\u00e1neamente con la formaci\u00f3n NSS-CDS Cave Diver.<\/p>\n<p>Adem\u00e1s, los instructores deben examinar y evaluar a los alumnos para asegurarse de que poseen la actitud, los conocimientos y las aptitudes necesarios antes de realizar cualquier otra formaci\u00f3n en el agua. Los instructores deben remitir a los alumnos que no puedan superar este proceso de selecci\u00f3n a oportunidades en las que puedan obtener una formaci\u00f3n de recuperaci\u00f3n. S\u00f3lo cuando los alumnos superen el proceso de selecci\u00f3n podr\u00e1n continuar su formaci\u00f3n en caverna\/cueva. Para impartir este curso, los instructores deben estar autorizados para realizar el curso NSS-CDS Cave Diver y el curso NSS-CDS Stage Cave Diver. Adem\u00e1s de los requerimientos de equipo listados para todos los cursos NSS-CDS, los estudiantes e instructores deben tener y usar el equipo especializado listado para el curso Stage Cave Diver.<\/p>\n<div class=\"o_colored_level o_cc o_cc3 border rounded pt0 pb0 col-lg-11\" data-name=\"Box\">\n<h3><span class=\"h5-fs\">Requisitos de los equipos de circuito abierto<\/span><\/h3>\n<p>Para los programas en los que tanto los alumnos como los instructores utilicen equipos de circuito abierto, cada participante deber\u00e1 disponer de:<\/p>\n<\/div>\n<div class=\"col-lg-12 o_colored_level pb0 pt16\" data-name=\"Box\"><i class=\"fa fa-check s_features_grid_icon text-o-color-2\"><\/i><\/p>\n<div class=\"s_features_grid_content\">\n<ul>\n<li>M\u00e1scara y aletas.<\/li>\n<li>Protecci\u00f3n de exposici\u00f3n adecuada para la profundidad, el tiempo y la temperatura del agua.<\/li>\n<li>Arn\u00e9s de montaje lateral\/trasero y c\u00e9lula de aire con elevaci\u00f3n suficiente para soportar las botellas utilizadas.<\/li>\n<li>Dos cilindros de montaje lateral o un conjunto de dobles m\u00faltiples capaces de proporcionar un volumen de gas de arranque de al menos 4.200 L\/150 pies3.<\/li>\n<li>Dos primeras etapas reguladoras, cada una con una segunda etapa. Al menos una primera etapa debe tener una manguera de segunda etapa de 2,0 m\/7,0 pies.<\/li>\n<li>Al menos un ordenador de buceo capaz de controlar la exposici\u00f3n a todas las mezclas gaseosas utilizadas.<\/li>\n<li>Luz de inmersi\u00f3n primaria con una autonom\u00eda nominal del 150% del tiempo de inmersi\u00f3n previsto y 2 luces de inmersi\u00f3n de reserva.<\/li>\n<li>Un carrete primario por equipo con un m\u00ednimo de 75 m\/250 pies de l\u00ednea gu\u00eda.<\/li>\n<li>Dos carretes\/spools de seguridad por buceador, cada uno con un m\u00ednimo de 30 m\/100 pies de directriz.<\/li>\n<li>Al menos dos marcadores de l\u00ednea direccionales y dos no direccionales.<\/li>\n<\/ul>\n<div class=\"o_colored_level o_cc o_cc3 border rounded pb0 pt0 col-lg-11\" data-name=\"Box\">\n<h3><span class=\"h5-fs\">Requisitos de los equipos de circuito cerrado<\/span><\/h3>\n<\/div>\n<div class=\"col-lg-12 pt16 o_colored_level pb0\" data-name=\"Box\">\n<div class=\"s_features_grid_content\">\n<p>En lugar de cilindros y reguladores de montaje lateral\/trasero, los alumnos e instructores que utilicen rebreathers cerrados deben tener:<\/p>\n<\/div>\n<\/div>\n<div class=\"col-lg-12 pt16 o_colored_level pb0\" data-name=\"Box\"><i class=\"fa fa-check s_features_grid_icon text-o-color-2\"><\/i><\/p>\n<div class=\"s_features_grid_content\">\n<ul>\n<li>Un CCR o eCCR con suficiente absorbente, diluyente y ox\u00edgeno para el 150% del tiempo de inmersi\u00f3n previsto.<\/li>\n<li>Cilindro(s) de rescate de circuito abierto con al menos el 150% del gas necesario para salir de la cueva desde el punto m\u00e1ximo de penetraci\u00f3n. Esto debe ser en forma de dos o m\u00e1s cilindros separados o un solo cilindro con una v\u00e1lvula H.<\/li>\n<li>Adem\u00e1s, tanto los alumnos como los instructores deben poseer la certificaci\u00f3n de Buceador CCR para el CCR espec\u00edfico que vayan a utilizar.<\/li>\n<\/ul>\n<\/div>\n<\/div>\n<\/div>\n<\/div>","protected":false},"excerpt":{"rendered":"<p class=\"text-muted my-2\">Este curso proporciona una alternativa al curso NSS-CDS Cave Diver. Incluye todo el desarrollo acad\u00e9mico y de habilidades del curso completo de Cuevas, adem\u00e1s de todo el contenido y formaci\u00f3n del curso de especialidad NSS-CDS Stage Diving y el contenido y formaci\u00f3n del programa NSS-CDS First Responder.<\/p>\n<ul>\n<li class=\"text-muted my-2\">Cave Training NSS CDS \u2013 Advanced Cave Diver<\/li>\n<li class=\"text-muted my-2\">D\u00edas m\u00ednimo de entrenamiento: 4.<\/li>\n<li class=\"text-muted my-2\">4 Buceos.<\/li>\n<\/ul>","protected":false},"featured_media":284,"template":"","meta":{"_themeisle_gutenberg_block_has_review":false},"product_brand":[],"product_cat":[29,25],"product_tag":[],"class_list":{"0":"post-179","1":"product","2":"type-product","3":"status-publish","4":"has-post-thumbnail","6":"product_cat-cueva-curso","7":"product_cat-curso","9":"first","10":"instock","11":"taxable","12":"shipping-taxable","13":"purchasable","14":"product-type-simple"},"_links":{"self":[{"href":"https:\/\/zotz.mx\/es\/wp-json\/wp\/v2\/product\/179","targetHints":{"allow":["GET"]}}],"collection":[{"href":"https:\/\/zotz.mx\/es\/wp-json\/wp\/v2\/product"}],"about":[{"href":"https:\/\/zotz.mx\/es\/wp-json\/wp\/v2\/types\/product"}],"wp:featuredmedia":[{"embeddable":true,"href":"https:\/\/zotz.mx\/es\/wp-json\/wp\/v2\/media\/284"}],"wp:attachment":[{"href":"https:\/\/zotz.mx\/es\/wp-json\/wp\/v2\/media?parent=179"}],"wp:term":[{"taxonomy":"product_brand","embeddable":true,"href":"https:\/\/zotz.mx\/es\/wp-json\/wp\/v2\/product_brand?post=179"},{"taxonomy":"product_cat","embeddable":true,"href":"https:\/\/zotz.mx\/es\/wp-json\/wp\/v2\/product_cat?post=179"},{"taxonomy":"product_tag","embeddable":true,"href":"https:\/\/zotz.mx\/es\/wp-json\/wp\/v2\/product_tag?post=179"}],"curies":[{"name":"wp","href":"https:\/\/api.w.org\/{rel}","templated":true}]}}