{"id":180,"date":"2026-03-17T18:15:14","date_gmt":"2026-03-17T18:15:14","guid":{"rendered":"https:\/\/zotz.mx\/?post_type=product&#038;p=180"},"modified":"2026-03-21T22:21:03","modified_gmt":"2026-03-21T22:21:03","slug":"open-water-tech-sidemount","status":"publish","type":"product","link":"https:\/\/zotz.mx\/es\/producto\/open-water-tech-sidemount\/","title":{"rendered":"Open Water Tech Sidemount"},"content":{"rendered":"<h4>Temas<\/h4>\n<div class=\"col-lg-12 o_colored_level pb0 pt16\" data-name=\"Box\">\n<div class=\"s_features_grid_content\">\n<ul>\n<li>Procedimientos de igualaci\u00f3n de gases para incluir vol\u00famenes dis\u00edmiles.<\/li>\n<li>Gesti\u00f3n de gases utilizando botellas independientes.<\/li>\n<li>Consideraciones psicol\u00f3gicas.<\/li>\n<li>Consideraciones sobre el equipo.<\/li>\n<li>Comunicaci\u00f3n adecuada.<\/li>\n<li>Resoluci\u00f3n de problemas.\n<ul>\n<li>Reparto de gases.<\/li>\n<li>Hemorragias de gas.<\/li>\n<li>Fallo de la luz.<\/li>\n<li>P\u00e9rdida de visibilidad.<\/li>\n<li>Enredos.<\/li>\n<li>Autorrescate.<\/li>\n<\/ul>\n<\/li>\n<li>Espacios estrechos.<\/li>\n<li>Conservaci\u00f3n.<\/li>\n<li>Entradas dif\u00edciles en el agua.<\/li>\n<li>Ejercicios en S; espec\u00edficos para montaje lateral.<\/li>\n<\/ul>\n<div class=\"o_colored_level o_cc o_cc3 border rounded pb0 pt0 col-lg-12\" data-name=\"Box\">\n<h4>Ejercicios previos a la inmersi\u00f3n<\/h4>\n<\/div>\n<div class=\"col-lg-12 pt16 o_colored_level pb0\" data-name=\"Box\">\n<div class=\"s_features_grid_content\">\n<ul>\n<li>Utiliza START antes de cada inmersi\u00f3n *START es un acr\u00f3nimo de S-drill (Out of Gas drill y Bubble Check), Team (comprobaciones del equipo del compa\u00f1ero), Air (gas matching), Route (entrada\/salida y trayectoria prevista bajo el agua), Tables (profundidad, duraci\u00f3n, waypoints y horario).<\/li>\n<li>An\u00e1lisis y mitigaci\u00f3n del estr\u00e9s.<\/li>\n<\/ul>\n<div class=\"o_colored_level o_cc o_cc3 border rounded pb0 pt0 offset-lg-1 col-lg-10\" data-name=\"Box\">\n<h4>Habilidades acu\u00e1ticas<\/h4>\n<\/div>\n<div class=\"col-lg-12 pt16 o_colored_level pb0\" data-name=\"Box\">\n<div class=\"s_features_grid_content\">\n<ul>\n<li>Demostrar varias t\u00e9cnicas de propulsi\u00f3n: patada de rana, patada de rana modificada, patada de aleteo modificada, patada hacia atr\u00e1s, giros en helic\u00f3ptero y tracci\u00f3n manual si es apropiado para el entorno.<\/li>\n<li>Demostrar un control adecuado de la flotabilidad; capacidad de mantenerse en una posici\u00f3n fija en la columna de agua sin mover las manos ni los pies.<\/li>\n<li>Demostrar un control adecuado de la flotabilidad; capacidad de mantener la posici\u00f3n correcta durante las fases de descenso, fondo y ascenso de la inmersi\u00f3n.<\/li>\n<li>Demostrar la capacidad de realizar los siguientes ejercicios manteniendo el equilibrio y la flotabilidad en la columna de agua.\n<ul>\n<li>Desenganchar y enganchar las botellas de montaje lateral.<\/li>\n<li>Realizar cambios de gases con y sin m\u00e1scara.<\/li>\n<\/ul>\n<\/li>\n<\/ul>\n<\/div>\n<\/div>\n<\/div>\n<\/div>\n<\/div>\n<\/div>","protected":false},"excerpt":{"rendered":"<p class=\"text-muted my-2\">Este curso est\u00e1 dise\u00f1ado para ense\u00f1ar a los buceadores certificados a utilizar de forma segura las botellas primarias de montaje lateral como alternativa a la configuraci\u00f3n tradicional de montaje posterior. Este curso se puede combinar con otros cursos TDI como: Procedimientos de Descompresi\u00f3n, Alcance Extendido, Trimix, Trimix Avanzado y Pecio Avanzado. Si se combina, se deben cumplir los est\u00e1ndares de ambos cursos.<\/p>\n<div class=\"oe_structure\">\n<p>Tras la finalizaci\u00f3n satisfactoria de este curso, los graduados podr\u00e1n realizar actividades de buceo de montaje lateral sin supervisi\u00f3n directa, siempre que se respeten los siguientes l\u00edmites:<\/p>\n<ul>\n<li>Seguridad y paradas de descompresi\u00f3n seg\u00fan sea apropiado o necesario.<\/li>\n<li>Las inmersiones planificadas no superen el nivel de certificaci\u00f3n actual del buceador.<\/li>\n<\/ul>\n<\/div>","protected":false},"featured_media":283,"template":"","meta":{"_themeisle_gutenberg_block_has_review":false},"product_brand":[],"product_cat":[25,27],"product_tag":[],"class_list":{"0":"post-180","1":"product","2":"type-product","3":"status-publish","4":"has-post-thumbnail","6":"product_cat-curso","7":"product_cat-tecnico-curso","9":"first","10":"instock","11":"taxable","12":"shipping-taxable","13":"purchasable","14":"product-type-simple"},"_links":{"self":[{"href":"https:\/\/zotz.mx\/es\/wp-json\/wp\/v2\/product\/180","targetHints":{"allow":["GET"]}}],"collection":[{"href":"https:\/\/zotz.mx\/es\/wp-json\/wp\/v2\/product"}],"about":[{"href":"https:\/\/zotz.mx\/es\/wp-json\/wp\/v2\/types\/product"}],"wp:featuredmedia":[{"embeddable":true,"href":"https:\/\/zotz.mx\/es\/wp-json\/wp\/v2\/media\/283"}],"wp:attachment":[{"href":"https:\/\/zotz.mx\/es\/wp-json\/wp\/v2\/media?parent=180"}],"wp:term":[{"taxonomy":"product_brand","embeddable":true,"href":"https:\/\/zotz.mx\/es\/wp-json\/wp\/v2\/product_brand?post=180"},{"taxonomy":"product_cat","embeddable":true,"href":"https:\/\/zotz.mx\/es\/wp-json\/wp\/v2\/product_cat?post=180"},{"taxonomy":"product_tag","embeddable":true,"href":"https:\/\/zotz.mx\/es\/wp-json\/wp\/v2\/product_tag?post=180"}],"curies":[{"name":"wp","href":"https:\/\/api.w.org\/{rel}","templated":true}]}}