{"id":182,"date":"2026-03-17T18:15:15","date_gmt":"2026-03-17T18:15:15","guid":{"rendered":"https:\/\/zotz.mx\/?post_type=product&#038;p=182"},"modified":"2026-03-21T22:10:21","modified_gmt":"2026-03-21T22:10:21","slug":"cave-dpv-diver","status":"publish","type":"product","link":"https:\/\/zotz.mx\/es\/producto\/cave-dpv-diver\/","title":{"rendered":"Cave DPV Diver"},"content":{"rendered":"<p>Los estudiantes deben poseer las certificaciones Advanced Open Water Diver y Nitrox Diver de nivel inicial o equivalente de una organizaci\u00f3n de formaci\u00f3n de buceadores ampliamente reconocida, o experiencia equivalente. Esta formaci\u00f3n puede tener lugar simult\u00e1neamente con la orientaci\u00f3n de CDS Basics o Apprentice Cave.<\/p>\n<p>Los alumnos que participen en cualquier programa de formaci\u00f3n que implique descompresi\u00f3n planificada deben poseer la certificaci\u00f3n adecuada de una organizaci\u00f3n de formaci\u00f3n de buceadores ampliamente reconocida. Esta formaci\u00f3n debe cubrir:\u202f Uso de ox\u00edgeno puro o mezclas de descompresi\u00f3n ricas en ox\u00edgeno y procedimientos para el buceo con descompresi\u00f3n. Esta formaci\u00f3n puede tener lugar simult\u00e1neamente con la formaci\u00f3n NSS-CDS Cave Diver.<\/p>\n<p>Adem\u00e1s, se requiere el nivel de formaci\u00f3n NSS-CDS Cave Diver o equivalente y al menos 50 inmersiones en cuevas registradas m\u00e1s all\u00e1 del nivel Cave Diver (sin incluir las inmersiones de formaci\u00f3n). Los instructores deben examinar y evaluar a los alumnos para asegurarse de que poseen la actitud, los conocimientos y las aptitudes necesarias antes de realizar cualquier otra formaci\u00f3n en el agua. Los instructores deben remitir a los alumnos que no puedan superar este proceso de selecci\u00f3n a oportunidades en las que puedan obtener una formaci\u00f3n de recuperaci\u00f3n. S\u00f3lo cuando los alumnos superen el proceso de selecci\u00f3n podr\u00e1n continuar su formaci\u00f3n en caverna\/cueva.<\/p>\n<section class=\"s_text_block pt40 o_colored_level pb0\" data-snippet=\"s_text_block\" data-name=\"Texto\">\n<div class=\"s_allow_columns o_container_small\">\n<h3>Requisitos del equipo<\/h3>\n<p>Todo el equipo enumerado a continuaci\u00f3n con las siguientes adiciones:<\/p>\n<\/div>\n<\/section>\n<section class=\"s_features_grid o_colored_level pb0 s_custom_snippet pt8\" data-snippet=\"s_features_grid\" data-name=\"Personalizado Exp Funciones\">\n<div class=\"o_container_small\">\n<div class=\"row\">\n<div class=\"s_col_no_bgcolor col-lg-12 pb24\">\n<div class=\"row\">\n<div class=\"col-lg-12 o_colored_level pb0 pt16\" data-name=\"Box\"><i class=\"fa fa-check s_features_grid_icon text-o-color-2\"><\/i><\/p>\n<div class=\"s_features_grid_content\">\n<ul>\n<li>La configuraci\u00f3n de las cilindros de buceo puede consistir en cualquier configuraci\u00f3n de cilindro doble acordada por el instructor y el(los) estudiante(s).<\/li>\n<li>Veh\u00edculo de propulsi\u00f3n para buceadores debidamente equipado. El tipo de DPV debe ser compatible con los sistemas de cuevas elegidos para las inmersiones.<\/li>\n<li>Correa o arn\u00e9s de remolque<\/li>\n<\/ul>\n<\/div>\n<div class=\"o_colored_level o_cc o_cc3 border rounded pt0 pb0 col-lg-11\" data-name=\"Box\">\n<h3><span class=\"h5-fs\">Requisitos de los equipos de circuito abierto<\/span><\/h3>\n<\/div>\n<div class=\"col-lg-12 o_colored_level pb0 pt16\" data-name=\"Box\">\n<div class=\"s_features_grid_content\">\n<p>Para los programas en los que tanto los alumnos como los instructores utilicen equipos de circuito abierto, cada participante deber\u00e1 disponer de:<\/p>\n<ul>\n<li>M\u00e1scara y aletas.<\/li>\n<li>Protecci\u00f3n de exposici\u00f3n adecuada para la profundidad, el tiempo y la temperatura del agua.<\/li>\n<li>Arn\u00e9s de montaje lateral\/trasero y c\u00e9lula de aire con elevaci\u00f3n suficiente para soportar las botellas utilizadas.<\/li>\n<li>Dos cilindros de montaje lateral o un conjunto de dobles m\u00faltiples capaces de proporcionar un volumen de gas de arranque de al menos 4.200 L\/150 pies3.<\/li>\n<li>Dos primeras etapas reguladoras, cada una con una segunda etapa. Al menos una primera etapa debe tener una manguera de segunda etapa de 2,0 m\/7,0 pies.<\/li>\n<li>Al menos dos herramientas de corte capaces de hacer frente al enredo de las l\u00edneas.<\/li>\n<li>Luz de inmersi\u00f3n primaria con una autonom\u00eda nominal del 150% del tiempo de inmersi\u00f3n previsto y 2 luces de inmersi\u00f3n de reserva.<\/li>\n<li>Un carrete primario por equipo con un m\u00ednimo de 75 m\/250 pies de l\u00ednea gu\u00eda.<\/li>\n<li>Dos carretes\/spools de seguridad por buceador, cada uno con un m\u00ednimo de 30 m\/100 pies de directriz.<\/li>\n<li>Al menos dos marcadores de l\u00ednea direccionales y dos no direccionales.<\/li>\n<\/ul>\n<div class=\"o_colored_level o_cc o_cc3 border rounded pb0 pt0 col-lg-11\" data-name=\"Box\">\n<h3><span class=\"h5-fs\">Requisitos de los equipos de circuito cerrado<\/span><\/h3>\n<\/div>\n<div class=\"col-lg-12 pt16 o_colored_level pb0\" data-name=\"Box\">\n<div class=\"s_features_grid_content\">\n<p>En lugar de cilindros y reguladores de montaje lateral\/trasero, los alumnos e instructores que utilicen rebreathers cerrados deben tener:<\/p>\n<\/div>\n<\/div>\n<div class=\"col-lg-12 pt16 o_colored_level pb0\" data-name=\"Box\"><i class=\"fa fa-check s_features_grid_icon text-o-color-2\"><\/i><\/p>\n<div class=\"s_features_grid_content\">\n<ul>\n<li>Un CCR o eCCR con suficiente absorbente, diluyente y ox\u00edgeno para el 150% del tiempo de inmersi\u00f3n previsto.<\/li>\n<li>Cilindro(s) de rescate de circuito abierto con al menos el 150% del gas necesario para salir de la cueva desde el punto m\u00e1ximo de penetraci\u00f3n. Esto debe ser en forma de dos o m\u00e1s cilindros separados o un solo cilindro con una v\u00e1lvula H.<\/li>\n<li>Adem\u00e1s, tanto los alumnos como los instructores deben poseer la certificaci\u00f3n de Buceador CCR para el CCR espec\u00edfico que vayan a utilizar.<\/li>\n<\/ul>\n<\/div>\n<\/div>\n<\/div>\n<\/div>\n<\/div>\n<\/div>\n<\/div>\n<\/div>\n<\/div>\n<\/section>","protected":false},"excerpt":{"rendered":"<p>El prop\u00f3sito del curso de especialidad de Piloto de DPV (Diver Propulsion Vehicle) es exponer al buceador de cuevas entrenado a los fundamentos de la operaci\u00f3n segura de veh\u00edculos de propulsi\u00f3n de buceadores en cuevas submarinas mientras est\u00e1 bajo la supervisi\u00f3n directa de un Instructor de Piloto de DPV cualificado.<\/p>\n<p>El estudiante puede adquirir experiencia pr\u00e1ctica en el campo bajo condiciones controladas. Se cubren pr\u00e1cticas de seguridad, procedimientos y t\u00e9cnicas comunes a la mayor\u00eda de DPVs utilizados en este entorno \u00fanico. Se enfatizan las consideraciones de conservaci\u00f3n tales como la operaci\u00f3n de bajo impacto. Se simulan y practican posibles situaciones de emergencia.<\/p>\n<ul>\n<li>Cave Training NSS CDS \u2013 Cave DPV<\/li>\n<li>D\u00edas m\u00ednimos de formaci\u00f3n: 2<\/li>\n<li>3 Buceos<\/li>\n<\/ul>","protected":false},"featured_media":278,"template":"","meta":{"_themeisle_gutenberg_block_has_review":false},"product_brand":[],"product_cat":[29,25],"product_tag":[],"class_list":{"0":"post-182","1":"product","2":"type-product","3":"status-publish","4":"has-post-thumbnail","6":"product_cat-cueva-curso","7":"product_cat-curso","9":"first","10":"instock","11":"taxable","12":"shipping-taxable","13":"purchasable","14":"product-type-simple"},"_links":{"self":[{"href":"https:\/\/zotz.mx\/es\/wp-json\/wp\/v2\/product\/182","targetHints":{"allow":["GET"]}}],"collection":[{"href":"https:\/\/zotz.mx\/es\/wp-json\/wp\/v2\/product"}],"about":[{"href":"https:\/\/zotz.mx\/es\/wp-json\/wp\/v2\/types\/product"}],"wp:featuredmedia":[{"embeddable":true,"href":"https:\/\/zotz.mx\/es\/wp-json\/wp\/v2\/media\/278"}],"wp:attachment":[{"href":"https:\/\/zotz.mx\/es\/wp-json\/wp\/v2\/media?parent=182"}],"wp:term":[{"taxonomy":"product_brand","embeddable":true,"href":"https:\/\/zotz.mx\/es\/wp-json\/wp\/v2\/product_brand?post=182"},{"taxonomy":"product_cat","embeddable":true,"href":"https:\/\/zotz.mx\/es\/wp-json\/wp\/v2\/product_cat?post=182"},{"taxonomy":"product_tag","embeddable":true,"href":"https:\/\/zotz.mx\/es\/wp-json\/wp\/v2\/product_tag?post=182"}],"curies":[{"name":"wp","href":"https:\/\/api.w.org\/{rel}","templated":true}]}}