{"id":183,"date":"2026-03-17T18:15:15","date_gmt":"2026-03-17T18:15:15","guid":{"rendered":"https:\/\/zotz.mx\/?post_type=product&#038;p=183"},"modified":"2026-03-21T22:06:00","modified_gmt":"2026-03-21T22:06:00","slug":"trimix-cave-diver","status":"publish","type":"product","link":"https:\/\/zotz.mx\/es\/producto\/trimix-cave-diver\/","title":{"rendered":"Trimix Cave Diver"},"content":{"rendered":"<div class=\"col-lg-12 o_colored_level pb0\" data-name=\"Box\">\n<h5>Prerrequisitos<\/h5>\n<p>Para los programas en los que tanto alumnos como instructores utilicen equipos de circuito abierto, cada participante deber\u00e1 tener:<\/p>\n<\/div>\n<div class=\"col-lg-12 pt16 o_colored_level pb0\" data-name=\"Box\">\n<div class=\"s_features_grid_content\">\n<ul>\n<li>NSS-CDS Cave Diver o equivalente.<\/li>\n<li>M\u00ednimo de 50 inmersiones en cuevas no de entrenamiento registradas despu\u00e9s de la finalizaci\u00f3n de Cave Diver.<\/li>\n<li>Estar certificado en trimix por una agencia de formaci\u00f3n reconocida o realizar este curso conjuntamente con un curso de trimix.<\/li>\n<\/ul>\n<p>Los estudiantes deben poseer las certificaciones Advanced Open Water Diver y Nitrox Diver de nivel inicial o equivalente de una organizaci\u00f3n de formaci\u00f3n de buceadores ampliamente reconocida, o experiencia equivalente. Esta formaci\u00f3n puede tener lugar simult\u00e1neamente con la orientaci\u00f3n de CDS Basics o Cave Apprentice.<\/p>\n<p>Los alumnos que participen en cualquier programa de formaci\u00f3n que implique descompresi\u00f3n planificada deben poseer la certificaci\u00f3n adecuada de una organizaci\u00f3n de formaci\u00f3n de buceadores ampliamente reconocida. Esta formaci\u00f3n debe cubrir:\u202f Uso de ox\u00edgeno puro o mezclas de descompresi\u00f3n ricas en ox\u00edgeno y procedimientos para el buceo con descompresi\u00f3n. Esta formaci\u00f3n puede tener lugar simult\u00e1neamente con la formaci\u00f3n NSS-CDS Cave Diver.<\/p>\n<p>Adem\u00e1s, los instructores deben examinar y evaluar a los alumnos para asegurarse de que poseen la actitud, los conocimientos y las aptitudes necesarios antes de realizar cualquier otra formaci\u00f3n en el agua. Los instructores deben remitir a los alumnos que no puedan superar este proceso de selecci\u00f3n a oportunidades en las que puedan obtener formaci\u00f3n de recuperaci\u00f3n. S\u00f3lo cuando los alumnos superen el proceso de selecci\u00f3n podr\u00e1n continuar su formaci\u00f3n en caverna\/cueva.<\/p>\n<\/div>\n<div class=\"col-lg-12 o_colored_level pb0\" data-name=\"Box\">\n<h5>Requisitos adicionales de equipamiento<\/h5>\n<p>Adem\u00e1s de todo el equipo requerido como Buceador de Cuevas, lo siguiente:<\/p>\n<\/div>\n<div class=\"col-lg-12 pt16 o_colored_level pb0\" data-name=\"Box\"><i class=\"fa fa-check s_features_grid_icon text-o-color-2\"><\/i><\/p>\n<div class=\"s_features_grid_content\">\n<ul>\n<li>M\u00e1scara de repuesto.<\/li>\n<li>Texto prescrito por el Instructor de la Especialidad de Buceo en Cuevas Profundas NSS-CDS.<\/li>\n<li>Analizadores de gas de ox\u00edgeno y helio (pueden ser proporcionados por el instructor).<\/li>\n<li>Tanque(s) de descompresi\u00f3n debidamente montada(s) y etiquetada(s) de un volumen nominal m\u00ednimo de 11 L\/80 pies3.<\/li>\n<li>Tanque(s) de ox\u00edgeno debidamente montada(s) y limpia(s) de un volumen nominal m\u00ednimo de 5,5 L\/40 pies3.<\/li>\n<li>Ordenador Trimix y cron\u00f3metro de fondo\/profund\u00edmetro de reserva y tablas de reserva adecuados para la inmersi\u00f3n prevista o dos cron\u00f3metros de fondo\/profund\u00edmetros y tablas adecuados para la inmersi\u00f3n prevista.<\/li>\n<\/ul>\n<\/div>\n<div class=\"o_colored_level o_cc o_cc3 border rounded pt0 pb0 col-lg-11\" data-name=\"Box\">\n<h3><span class=\"h5-fs\">Requisitos de los equipos de circuito abierto<\/span><\/h3>\n<p>Para los programas en los que tanto los alumnos como los instructores utilicen equipos de circuito abierto, cada participante deber\u00e1 disponer de:<\/p>\n<\/div>\n<div class=\"col-lg-12 o_colored_level pb0 pt16\" data-name=\"Box\">\n<div class=\"s_features_grid_content\">\n<p>&nbsp;<\/p>\n<\/div>\n<\/div>\n<div class=\"col-lg-12 o_colored_level pb0 pt16\" data-name=\"Box\"><i class=\"fa fa-check s_features_grid_icon text-o-color-2\"><\/i><\/p>\n<div class=\"s_features_grid_content\">\n<ul>\n<li>M\u00e1scara y aletas.<\/li>\n<li>Protecci\u00f3n de exposici\u00f3n adecuada para la profundidad, el tiempo y la temperatura del agua.<\/li>\n<li>Arn\u00e9s de montaje lateral\/trasero y c\u00e9lula de aire con elevaci\u00f3n suficiente para soportar las botellas utilizadas.<\/li>\n<li>Dos cilindros de montaje lateral o un conjunto de dobles m\u00faltiples capaces de proporcionar un volumen de gas de arranque de al menos 4.200 L\/150 pies3.<\/li>\n<li>Dos primeras etapas reguladoras, cada una con una segunda etapa. Al menos una primera etapa debe tener una manguera de segunda etapa de 2,0 m\/7,0 pies.<\/li>\n<li>Al menos dos herramientas de corte capaces de hacer frente al enredo de las l\u00edneas<\/li>\n<li>Al menos un ordenador de buceo capaz de controlar la exposici\u00f3n a todas las mezclas gaseosas utilizadas.<\/li>\n<li>Luz de inmersi\u00f3n primaria con una autonom\u00eda nominal del 150% del tiempo de inmersi\u00f3n previsto y 2 luces de inmersi\u00f3n de reserva.<\/li>\n<li>Un carrete primario por equipo con un m\u00ednimo de 75 m\/250 pies de l\u00ednea gu\u00eda.<\/li>\n<li>Dos carretes\/spools de seguridad por buceador, cada uno con un m\u00ednimo de 30 m\/100 pies de directriz.<\/li>\n<li>Al menos dos marcadores de l\u00ednea direccionales y dos no direccionales.<\/li>\n<\/ul>\n<div class=\"o_colored_level o_cc o_cc3 border rounded pb0 pt0 col-lg-11\" data-name=\"Box\">\n<h3><\/h3>\n<h3><span class=\"h5-fs\">Requisitos de los equipos de circuito cerrado<\/span><\/h3>\n<\/div>\n<div class=\"col-lg-12 pt16 o_colored_level pb0\" data-name=\"Box\">\n<div class=\"s_features_grid_content\">\n<p>En lugar de cilindros y reguladores de montaje lateral\/trasero, los alumnos e instructores que utilicen rebreathers cerrados deben tener:<\/p>\n<\/div>\n<\/div>\n<div class=\"col-lg-12 pt16 o_colored_level pb0\" data-name=\"Box\"><i class=\"fa fa-check s_features_grid_icon text-o-color-2\"><\/i><\/p>\n<div class=\"s_features_grid_content\">\n<ul>\n<li>Un CCR o eCCR con suficiente absorbente, diluyente y ox\u00edgeno para el 150% del tiempo de inmersi\u00f3n previsto.<\/li>\n<li>Cilindro(s) de rescate de circuito abierto con al menos el 150% del gas necesario para salir de la cueva desde el punto m\u00e1ximo de penetraci\u00f3n. Esto debe ser en forma de dos o m\u00e1s cilindros separados o un solo cilindro con una v\u00e1lvula H.<\/li>\n<li>Adem\u00e1s, tanto los alumnos como los instructores deben poseer la certificaci\u00f3n de Buceador CCR para el CCR espec\u00edfico que vayan a utilizar.<\/li>\n<\/ul>\n<\/div>\n<\/div>\n<\/div>\n<\/div>\n<\/div>\n<\/div>","protected":false},"excerpt":{"rendered":"<p class=\"text-muted my-2\">El objetivo del curso Trimix Cave Diver es proporcionar al buceador de cuevas formaci\u00f3n para la planificaci\u00f3n y ejecuci\u00f3n segura de inmersiones con mezcla de gases en cuevas a profundidades no superiores a 90 m\/300 pies. Se introducir\u00e1 al buceador en el uso adecuado y seguro del helio como gas respirable, junto con el ox\u00edgeno y el nitrox para la descompresi\u00f3n por etapas. Este curso enfatizar\u00e1 la precisi\u00f3n y exactitud en todos los aspectos de la inmersi\u00f3n comenzando con la planificaci\u00f3n avanzada previa a la inmersi\u00f3n. La seguridad ser\u00e1 un objetivo primordial de este curso debido a las profundidades a las que se realizar\u00e1n las inmersiones.<\/p>\n<div class=\"oe_structure\">\n<ul>\n<li>Cave Training NSS CDS \u2013 Trimix Cave Diver<\/li>\n<li>D\u00edas m\u00ednimos de formaci\u00f3n: 4<\/li>\n<li>4 Buceos<\/li>\n<\/ul>\n<p>&nbsp;<\/p>\n<\/div>","protected":false},"featured_media":276,"template":"","meta":{"_themeisle_gutenberg_block_has_review":false},"product_brand":[],"product_cat":[29,25],"product_tag":[],"class_list":{"0":"post-183","1":"product","2":"type-product","3":"status-publish","4":"has-post-thumbnail","6":"product_cat-cueva-curso","7":"product_cat-curso","9":"first","10":"instock","11":"taxable","12":"shipping-taxable","13":"purchasable","14":"product-type-simple"},"_links":{"self":[{"href":"https:\/\/zotz.mx\/es\/wp-json\/wp\/v2\/product\/183","targetHints":{"allow":["GET"]}}],"collection":[{"href":"https:\/\/zotz.mx\/es\/wp-json\/wp\/v2\/product"}],"about":[{"href":"https:\/\/zotz.mx\/es\/wp-json\/wp\/v2\/types\/product"}],"wp:featuredmedia":[{"embeddable":true,"href":"https:\/\/zotz.mx\/es\/wp-json\/wp\/v2\/media\/276"}],"wp:attachment":[{"href":"https:\/\/zotz.mx\/es\/wp-json\/wp\/v2\/media?parent=183"}],"wp:term":[{"taxonomy":"product_brand","embeddable":true,"href":"https:\/\/zotz.mx\/es\/wp-json\/wp\/v2\/product_brand?post=183"},{"taxonomy":"product_cat","embeddable":true,"href":"https:\/\/zotz.mx\/es\/wp-json\/wp\/v2\/product_cat?post=183"},{"taxonomy":"product_tag","embeddable":true,"href":"https:\/\/zotz.mx\/es\/wp-json\/wp\/v2\/product_tag?post=183"}],"curies":[{"name":"wp","href":"https:\/\/api.w.org\/{rel}","templated":true}]}}