{"id":184,"date":"2026-03-17T18:15:15","date_gmt":"2026-03-17T18:15:15","guid":{"rendered":"https:\/\/zotz.mx\/?post_type=product&#038;p=184"},"modified":"2026-03-21T22:00:14","modified_gmt":"2026-03-21T22:00:14","slug":"ccr-cave-diver","status":"publish","type":"product","link":"https:\/\/zotz.mx\/es\/producto\/ccr-cave-diver\/","title":{"rendered":"CCR Cave Diver"},"content":{"rendered":"<h4>Requisitos previos<\/h4>\n<p>Adem\u00e1s de cumplir con los prerrequisitos normales para la formaci\u00f3n de Aprendiz de Buceador de Cuevas NSS-CDS, los estudiantes deben poseer la certificaci\u00f3n de Buceador Rebreather de una organizaci\u00f3n de formaci\u00f3n ampliamente reconocida y proporcionar una prueba de un m\u00ednimo de 25 inmersiones registradas y 35 horas de fondo utilizando el mismo CCR que utilizar\u00e1n durante este curso. Los alumnos que participen en cualquier programa de formaci\u00f3n que implique descompresi\u00f3n planificada deben poseer la certificaci\u00f3n adecuada de una organizaci\u00f3n de formaci\u00f3n de buceadores ampliamente reconocida.<\/p>\n<h3>TDI<\/h3>\n<p>Este curso es la tercera etapa de formaci\u00f3n de la serie del programa de desarrollo Rebreather Cave Diver de TDI.<\/p>\n<p>Se presenta la planificaci\u00f3n avanzada del buceo en cuevas con rebreather, la ejecuci\u00f3n pr\u00e1ctica de diferentes tipos de sistemas de cuevas y los escenarios que los buceadores encuentran. Este curso de buceo en cuevas con rebreather no pretende preparar a los buceadores para evaluar todas las facetas del buceo en cuevas. El objetivo de este curso es ampliar y criticar los conocimientos previos adquiridos en los programas TDI Rebreather Cavern Diver y Rebreather Intro to Cave. Se pone \u00e9nfasis en la planificaci\u00f3n de la inmersi\u00f3n y el perfeccionamiento de las habilidades a trav\u00e9s de la penetraci\u00f3n real en cuevas.<\/p>\n<h4>Prerrequisitos<\/h4>\n<ul>\n<li>Los estudiantes deben tener la certificaci\u00f3n TDI CCR Buceador de Procedimientos de Descompresi\u00f3n con Diluyente de Aire o equivalente.Proveer prueba de certificaci\u00f3n como TDI<\/li>\n<li>Rebreather Intro to Cave o TDI Full Cave Diver.<\/li>\n<li>Proporcionar prueba de un m\u00ednimo de 50 inmersiones registradas y 50 horas en la unidad rebreather utilizada.<\/li>\n<\/ul>","protected":false},"excerpt":{"rendered":"<p>El curso NSS-CDS CCR Cave Diver es el equivalente en circuito cerrado de los cursos Apprentice y full Cave Diver combinados. Los buceadores que utilizan un CCR en un entorno a\u00e9reo deben cumplir las normas y directrices para ejecutar las inmersiones de forma segura y desarrollar el conjunto de habilidades necesarias para hacer frente a los problemas que puedan surgir en el entorno. Este curso est\u00e1 dise\u00f1ado para desarrollar la disciplina f\u00edsica y mental para el buceo en cuevas en un CCR.<\/p>","protected":false},"featured_media":274,"template":"","meta":{"_themeisle_gutenberg_block_has_review":false},"product_brand":[],"product_cat":[29,25],"product_tag":[],"class_list":{"0":"post-184","1":"product","2":"type-product","3":"status-publish","4":"has-post-thumbnail","6":"product_cat-cueva-curso","7":"product_cat-curso","9":"first","10":"instock","11":"taxable","12":"shipping-taxable","13":"purchasable","14":"product-type-simple"},"_links":{"self":[{"href":"https:\/\/zotz.mx\/es\/wp-json\/wp\/v2\/product\/184","targetHints":{"allow":["GET"]}}],"collection":[{"href":"https:\/\/zotz.mx\/es\/wp-json\/wp\/v2\/product"}],"about":[{"href":"https:\/\/zotz.mx\/es\/wp-json\/wp\/v2\/types\/product"}],"wp:featuredmedia":[{"embeddable":true,"href":"https:\/\/zotz.mx\/es\/wp-json\/wp\/v2\/media\/274"}],"wp:attachment":[{"href":"https:\/\/zotz.mx\/es\/wp-json\/wp\/v2\/media?parent=184"}],"wp:term":[{"taxonomy":"product_brand","embeddable":true,"href":"https:\/\/zotz.mx\/es\/wp-json\/wp\/v2\/product_brand?post=184"},{"taxonomy":"product_cat","embeddable":true,"href":"https:\/\/zotz.mx\/es\/wp-json\/wp\/v2\/product_cat?post=184"},{"taxonomy":"product_tag","embeddable":true,"href":"https:\/\/zotz.mx\/es\/wp-json\/wp\/v2\/product_tag?post=184"}],"curies":[{"name":"wp","href":"https:\/\/api.w.org\/{rel}","templated":true}]}}