{"id":185,"date":"2026-03-17T18:15:15","date_gmt":"2026-03-17T18:15:15","guid":{"rendered":"https:\/\/zotz.mx\/?post_type=product&#038;p=185"},"modified":"2026-03-19T00:58:10","modified_gmt":"2026-03-19T00:58:10","slug":"ccr-cave-diver-crossover","status":"publish","type":"product","link":"https:\/\/zotz.mx\/es\/producto\/ccr-cave-diver-crossover\/","title":{"rendered":"CCR Cave Diver Crossover"},"content":{"rendered":"<section class=\"s_text_block o_colored_level pb0 s_custom_snippet pt0\" data-snippet=\"s_text_block\" data-name=\"Personalizado Texto\">\n<div class=\"container s_allow_columns\">\n<h5>Pre-requisitos<\/h5>\n<ul>\n<li>Adem\u00e1s de cumplir con los prerrequisitos normales para la formaci\u00f3n de NSS-CDS Apprentice Cave Diver, los estudiantes deben poseer la certificaci\u00f3n de Rebreather Diver de una organizaci\u00f3n de formaci\u00f3n ampliamente reconocida y proporcionar una prueba de un m\u00ednimo de 25 inmersiones registradas y 35 horas de tiempo de fondo utilizando el mismo CCR que utilizar\u00e1n durante este curso.<\/li>\n<li>Los alumnos que participen en cualquier programa de formaci\u00f3n que implique descompresi\u00f3n planificada deben poseer la certificaci\u00f3n adecuada de una organizaci\u00f3n de formaci\u00f3n de buceadores ampliamente reconocida.<\/li>\n<\/ul>\n<h3>TDI<\/h3>\n<p>Este curso es la tercera etapa de formaci\u00f3n de la serie del programa de desarrollo Rebreather Cave Diver de TDI.<\/p>\n<p>Se presenta la planificaci\u00f3n avanzada del buceo en cuevas con rebreather, la ejecuci\u00f3n pr\u00e1ctica de diferentes tipos de sistemas de cuevas y los escenarios que los buceadores encuentran. Este curso de buceo en cuevas con rebreather no pretende preparar a los buceadores para evaluar todas las facetas del buceo en cuevas. El objetivo de este curso es ampliar y criticar los conocimientos previos adquiridos en los programas TDI Rebreather Cavern Diver y Rebreather Intro to Cave. Se hace hincapi\u00e9 en la planificaci\u00f3n de la inmersi\u00f3n y el perfeccionamiento de las habilidades a trav\u00e9s de la penetraci\u00f3n real en cuevas.<\/p>\n<h5>Pre-requisitos<\/h5>\n<ul>\n<li>Los estudiantes deben tener la certificaci\u00f3n TDI CCR Air Diluent Decompression Procedures Diver o equivalente.<\/li>\n<li>Proporcionar prueba de certificaci\u00f3n como: TDI Rebreather Intro to Cave o TDI Full Cave Diver.<\/li>\n<li>Proporcionar prueba de un m\u00ednimo de 50 inmersiones registradas y 50 horas en la unidad rebreather utilizada.<\/li>\n<\/ul>\n<\/div>\n<\/section>\n<section class=\"s_text_block pt40 pb40 o_colored_level\" data-snippet=\"s_text_block\" data-name=\"Texto\">\n<div class=\"container s_allow_columns\">\n<h5>Actualizaci\u00f3n<\/h5>\n<p>Los buceadores que est\u00e9n certificados como TDI Full Cave Diver o equivalente Y TDI Air Diluent CCR Decompression Procedures Diver o equivalente pueden actualizarse a TDI Rebreather Full Cave Diver completando todos los requisitos del curso excepto:<\/p>\n<ol>\n<li>Se requieren cuatro inmersiones en cuevas con un tiempo de fondo acumulado m\u00ednimo de 240 minutos en dos sitios diferentes. Al menos dos de las inmersiones deben tener una duraci\u00f3n m\u00ednima de 75 minutos.<\/li>\n<li>Deben cumplirse todos los dem\u00e1s requisitos del curso.<\/li>\n<\/ol>\n<p>Habilidades requeridas en el agua para centrarse en la integraci\u00f3n del CCR en el buceo completo en cuevas, incluyendo<\/p>\n<ul>\n<li>Planificaci\u00f3n del rescate<\/li>\n<li>Planificaci\u00f3n de inmersiones complejas (buceo de centro y radios).<\/li>\n<li>Navegaci\u00f3n compleja.<\/li>\n<li>Salida de la cueva en modo SCR.<\/li>\n<li>Salida de la cueva con fallo simulado de solenoide (si procede).<\/li>\n<li>Salida de la cueva en circuito abierto de rescate.<\/li>\n<li>Demostrar habilidades espec\u00edficas de la unidad rebreather de acuerdo con el nivel actual de certificaci\u00f3n rebreather como se indica en el plan de estudios del curso TDI.<\/li>\n<\/ul>\n<\/div>\n<\/section>","protected":false},"excerpt":{"rendered":"<p>Este curso ofrece una alternativa al curso de buceo en cuevas NSS-CDS. Incluye toda la formaci\u00f3n te\u00f3rica y pr\u00e1ctica del curso completo de buceo en cuevas, adem\u00e1s de todo el contenido y la formaci\u00f3n del curso de especialidad de buceo por etapas NSS-CDS y el contenido y la formaci\u00f3n del programa de primeros auxilios NSS-CDS.<\/p>\n<ul>\n<li>Entrenamiento en cuevas: Crossover de buzo de cuevas con CCR<\/li>\n<li>D\u00edas m\u00ednimos de entrenamiento: 3 \u2013 6 d\u00edas.<\/li>\n<li>Duraci\u00f3n: 600 minutos de tiempo de fondo.<\/li>\n<\/ul>","protected":false},"featured_media":224,"template":"","meta":{"_themeisle_gutenberg_block_has_review":false},"product_brand":[],"product_cat":[28,25],"product_tag":[],"class_list":{"0":"post-185","1":"product","2":"type-product","3":"status-publish","4":"has-post-thumbnail","6":"product_cat-ccr-curso","7":"product_cat-curso","9":"first","10":"instock","11":"taxable","12":"shipping-taxable","13":"purchasable","14":"product-type-simple"},"_links":{"self":[{"href":"https:\/\/zotz.mx\/es\/wp-json\/wp\/v2\/product\/185","targetHints":{"allow":["GET"]}}],"collection":[{"href":"https:\/\/zotz.mx\/es\/wp-json\/wp\/v2\/product"}],"about":[{"href":"https:\/\/zotz.mx\/es\/wp-json\/wp\/v2\/types\/product"}],"wp:featuredmedia":[{"embeddable":true,"href":"https:\/\/zotz.mx\/es\/wp-json\/wp\/v2\/media\/224"}],"wp:attachment":[{"href":"https:\/\/zotz.mx\/es\/wp-json\/wp\/v2\/media?parent=185"}],"wp:term":[{"taxonomy":"product_brand","embeddable":true,"href":"https:\/\/zotz.mx\/es\/wp-json\/wp\/v2\/product_brand?post=185"},{"taxonomy":"product_cat","embeddable":true,"href":"https:\/\/zotz.mx\/es\/wp-json\/wp\/v2\/product_cat?post=185"},{"taxonomy":"product_tag","embeddable":true,"href":"https:\/\/zotz.mx\/es\/wp-json\/wp\/v2\/product_tag?post=185"}],"curies":[{"name":"wp","href":"https:\/\/api.w.org\/{rel}","templated":true}]}}